{"id":58681,"date":"2026-04-10T13:21:28","date_gmt":"2026-04-10T13:21:28","guid":{"rendered":"https:\/\/verticaltechnik.ch\/product\/bordure-en-granit\/"},"modified":"2026-04-10T13:21:28","modified_gmt":"2026-04-10T13:21:28","slug":"bordure-en-granit","status":"publish","type":"product","link":"https:\/\/verticaltechnik.ch\/fr\/product\/bordure-en-granit\/","title":{"rendered":"Bordure en granit"},"content":{"rendered":"<p>Le Granite Curb est tr\u00e8s appr\u00e9ci\u00e9 en raison des propri\u00e9t\u00e9s de glissement id\u00e9ales de la surface de glisse en granit finement polie. On y r\u00e9alise des figures telles que le Tailslide, le Noseslide ou les Grinds, avec de nombreuses combinaisons possibles. L&rsquo;utilisation procure une sensation de conduite particuli\u00e8rement agr\u00e9able avec un contr\u00f4le parfait de la planche.  <\/p>\n<p>Construction massive en granit. Ce produit est pr\u00e9mont\u00e9 en usine et livr\u00e9 comme installation pr\u00eate \u00e0 l&#8217;emploi.<\/p>\n","protected":false},"excerpt":{"rendered":"<p>Le Granite Curb est tr\u00e8s appr\u00e9ci\u00e9 en raison des propri\u00e9t\u00e9s de glissement id\u00e9ales de la surface de glisse en granit finement polie. On y r\u00e9alise des figures telles que le&#8230;<\/p>\n","protected":false},"featured_media":58682,"template":"","meta":[],"product_brand":[],"product_cat":[11893],"product_tag":[],"class_list":{"0":"post-58681","1":"product","2":"type-product","3":"status-publish","4":"has-post-thumbnail","6":"product_cat-rebords","8":"first","9":"instock","10":"shipping-taxable","11":"product-type-simple"},"_links":{"self":[{"href":"https:\/\/verticaltechnik.ch\/fr\/wp-json\/wp\/v2\/product\/58681","targetHints":{"allow":["GET"]}}],"collection":[{"href":"https:\/\/verticaltechnik.ch\/fr\/wp-json\/wp\/v2\/product"}],"about":[{"href":"https:\/\/verticaltechnik.ch\/fr\/wp-json\/wp\/v2\/types\/product"}],"wp:featuredmedia":[{"embeddable":true,"href":"https:\/\/verticaltechnik.ch\/fr\/wp-json\/wp\/v2\/media\/58682"}],"wp:attachment":[{"href":"https:\/\/verticaltechnik.ch\/fr\/wp-json\/wp\/v2\/media?parent=58681"}],"wp:term":[{"taxonomy":"product_brand","embeddable":true,"href":"https:\/\/verticaltechnik.ch\/fr\/wp-json\/wp\/v2\/product_brand?post=58681"},{"taxonomy":"product_cat","embeddable":true,"href":"https:\/\/verticaltechnik.ch\/fr\/wp-json\/wp\/v2\/product_cat?post=58681"},{"taxonomy":"product_tag","embeddable":true,"href":"https:\/\/verticaltechnik.ch\/fr\/wp-json\/wp\/v2\/product_tag?post=58681"}],"curies":[{"name":"wp","href":"https:\/\/api.w.org\/{rel}","templated":true}]}}