{"id":58689,"date":"2026-04-10T13:28:51","date_gmt":"2026-04-10T13:28:51","guid":{"rendered":"https:\/\/verticaltechnik.ch\/product\/bike-kicker-small-line\/"},"modified":"2026-04-10T13:28:51","modified_gmt":"2026-04-10T13:28:51","slug":"bike-kicker-small-line","status":"publish","type":"product","link":"https:\/\/verticaltechnik.ch\/fr\/produit\/bike-kicker-small-line\/","title":{"rendered":"Bike Kicker Small Line"},"content":{"rendered":"<p>Construction massive pour int\u00e9gration dans un bike park en terre, talutage sur 3 c\u00f4t\u00e9s recommand\u00e9. Construction : structure en tubes d\u2019acier galvanis\u00e9s \u00e0 section carr\u00e9e, pieds de r\u00e9glage pour mise \u00e0 niveau, rev\u00eatement inf\u00e9rieur en t\u00f4le d\u2019acier galvanis\u00e9e, rev\u00eatement de roulage : courbe et plateforme en Skateface 8 mm, profil de protection des ar\u00eates en caoutchouc EPDM sur les rayons lat\u00e9raux et tout autour de la plateforme, sans t\u00f4le de transition. <\/p>\n<p>G\u00e9om\u00e9trie : rayon ext\u00e9rieur 7\u202f000 mm, d\u00e9velopp\u00e9 rayon 4\u202f680 mm, plateforme 300 mm, angle d\u2019appel 38\u00b0<br \/>\nConstruction : en acier galvanis\u00e9 40x40x2, cadre boulonn\u00e9 avec entretoises transversales, pieds de r\u00e9glage pour mise \u00e0 niveau avec filetage M16 et trous de fixation.<br \/>\nPlatelage : rev\u00eatement inf\u00e9rieur en lattes de bois impr\u00e9gn\u00e9es sous pression 40 x 200 x 1\u202f320 mm, viss\u00e9es sur le cadre avec vis autoperceuses SK 6,3 x 70 mm.<br \/>\nPlatelage lat\u00e9ral et avant en t\u00f4le d\u2019acier galvanis\u00e9e 1,5 mm, fix\u00e9 avec vis autoperceuses.<br \/>\nRev\u00eatement de roulage : courbe et plateforme en Skateface 8 mm.<br \/>\nS\u00e9curit\u00e9 : profil de protection des ar\u00eates en EPDM L sur les rayons lat\u00e9raux et tout autour de la plateforme, viss\u00e9 sur 3 c\u00f4t\u00e9s.<br \/>\nT\u00f4le de transition : aucune, car la courbe et le tube de sol affleurent.<\/p>\n","protected":false},"excerpt":{"rendered":"<p>Construction massive pour int\u00e9gration dans un bike park en terre, talutage sur 3 c\u00f4t\u00e9s recommand\u00e9. Construction : structure en tubes d\u2019acier galvanis\u00e9s \u00e0 section carr\u00e9e, pieds de r\u00e9glage pour mise&#8230;<\/p>\n","protected":false},"featured_media":58690,"template":"","meta":[],"product_brand":[],"product_cat":[11887],"product_tag":[],"class_list":{"0":"post-58689","1":"product","2":"type-product","3":"status-publish","4":"has-post-thumbnail","6":"product_cat-baby-foot","8":"first","9":"instock","10":"shipping-taxable","11":"product-type-simple"},"_links":{"self":[{"href":"https:\/\/verticaltechnik.ch\/fr\/wp-json\/wp\/v2\/product\/58689","targetHints":{"allow":["GET"]}}],"collection":[{"href":"https:\/\/verticaltechnik.ch\/fr\/wp-json\/wp\/v2\/product"}],"about":[{"href":"https:\/\/verticaltechnik.ch\/fr\/wp-json\/wp\/v2\/types\/product"}],"wp:featuredmedia":[{"embeddable":true,"href":"https:\/\/verticaltechnik.ch\/fr\/wp-json\/wp\/v2\/media\/58690"}],"wp:attachment":[{"href":"https:\/\/verticaltechnik.ch\/fr\/wp-json\/wp\/v2\/media?parent=58689"}],"wp:term":[{"taxonomy":"product_brand","embeddable":true,"href":"https:\/\/verticaltechnik.ch\/fr\/wp-json\/wp\/v2\/product_brand?post=58689"},{"taxonomy":"product_cat","embeddable":true,"href":"https:\/\/verticaltechnik.ch\/fr\/wp-json\/wp\/v2\/product_cat?post=58689"},{"taxonomy":"product_tag","embeddable":true,"href":"https:\/\/verticaltechnik.ch\/fr\/wp-json\/wp\/v2\/product_tag?post=58689"}],"curies":[{"name":"wp","href":"https:\/\/api.w.org\/{rel}","templated":true}]}}