{"id":58706,"date":"2026-04-10T14:11:23","date_gmt":"2026-04-10T14:11:23","guid":{"rendered":"https:\/\/verticaltechnik.ch\/product\/dispositif-de-roulement-type-2-pour-module-moyen\/"},"modified":"2026-04-10T14:11:23","modified_gmt":"2026-04-10T14:11:23","slug":"dispositif-de-roulement-type-2-pour-module-moyen","status":"publish","type":"product","link":"https:\/\/verticaltechnik.ch\/fr\/produit\/dispositif-de-roulement-type-2-pour-module-moyen\/","title":{"rendered":"Dispositif de roulement Type 2 pour module moyen"},"content":{"rendered":"<p>Dispositif de roulement install\u00e9 \u00e0 l\u2019int\u00e9rieur de la structure. Le module est soulev\u00e9 manuellement sur 4 roulettes par un m\u00e9canisme de levage et peut ensuite \u00eatre d\u00e9plac\u00e9 en roulant. <\/p>\n","protected":false},"excerpt":{"rendered":"<p>Dispositif de roulement install\u00e9 \u00e0 l\u2019int\u00e9rieur de la structure. Le module est soulev\u00e9 manuellement sur 4 roulettes par un m\u00e9canisme de levage et peut ensuite \u00eatre d\u00e9plac\u00e9 en roulant.<\/p>\n","protected":false},"featured_media":58707,"template":"","meta":[],"product_brand":[],"product_cat":[12414],"product_tag":[],"class_list":{"0":"post-58706","1":"product","2":"type-product","3":"status-publish","4":"has-post-thumbnail","6":"product_cat-accessoires","8":"first","9":"instock","10":"shipping-taxable","11":"product-type-simple"},"_links":{"self":[{"href":"https:\/\/verticaltechnik.ch\/fr\/wp-json\/wp\/v2\/product\/58706","targetHints":{"allow":["GET"]}}],"collection":[{"href":"https:\/\/verticaltechnik.ch\/fr\/wp-json\/wp\/v2\/product"}],"about":[{"href":"https:\/\/verticaltechnik.ch\/fr\/wp-json\/wp\/v2\/types\/product"}],"wp:featuredmedia":[{"embeddable":true,"href":"https:\/\/verticaltechnik.ch\/fr\/wp-json\/wp\/v2\/media\/58707"}],"wp:attachment":[{"href":"https:\/\/verticaltechnik.ch\/fr\/wp-json\/wp\/v2\/media?parent=58706"}],"wp:term":[{"taxonomy":"product_brand","embeddable":true,"href":"https:\/\/verticaltechnik.ch\/fr\/wp-json\/wp\/v2\/product_brand?post=58706"},{"taxonomy":"product_cat","embeddable":true,"href":"https:\/\/verticaltechnik.ch\/fr\/wp-json\/wp\/v2\/product_cat?post=58706"},{"taxonomy":"product_tag","embeddable":true,"href":"https:\/\/verticaltechnik.ch\/fr\/wp-json\/wp\/v2\/product_tag?post=58706"}],"curies":[{"name":"wp","href":"https:\/\/api.w.org\/{rel}","templated":true}]}}