{"id":58711,"date":"2026-04-10T14:16:38","date_gmt":"2026-04-10T14:16:38","guid":{"rendered":"https:\/\/verticaltechnik.ch\/product\/dispositif-a-roulettes-type-3-pour-module-box\/"},"modified":"2026-04-10T14:16:38","modified_gmt":"2026-04-10T14:16:38","slug":"dispositif-a-roulettes-type-3-pour-module-box","status":"publish","type":"product","link":"https:\/\/verticaltechnik.ch\/fr\/produit\/dispositif-a-roulettes-type-3-pour-module-box\/","title":{"rendered":"Dispositif \u00e0 roulettes type 3 pour Module Box"},"content":{"rendered":"<p>Dispositif de roulement install\u00e9 \u00e0 l\u2019int\u00e9rieur de la structure. Le module est soulev\u00e9 manuellement sur 4 roulettes par un m\u00e9canisme de levage et peut ensuite \u00eatre d\u00e9plac\u00e9 en roulant. <\/p>\n","protected":false},"excerpt":{"rendered":"<p>Dispositif de roulement install\u00e9 \u00e0 l\u2019int\u00e9rieur de la structure. Le module est soulev\u00e9 manuellement sur 4 roulettes par un m\u00e9canisme de levage et peut ensuite \u00eatre d\u00e9plac\u00e9 en roulant.<\/p>\n","protected":false},"featured_media":58712,"template":"","meta":[],"product_brand":[],"product_cat":[12414],"product_tag":[],"class_list":{"0":"post-58711","1":"product","2":"type-product","3":"status-publish","4":"has-post-thumbnail","6":"product_cat-accessoires","8":"first","9":"instock","10":"shipping-taxable","11":"product-type-simple"},"_links":{"self":[{"href":"https:\/\/verticaltechnik.ch\/fr\/wp-json\/wp\/v2\/product\/58711","targetHints":{"allow":["GET"]}}],"collection":[{"href":"https:\/\/verticaltechnik.ch\/fr\/wp-json\/wp\/v2\/product"}],"about":[{"href":"https:\/\/verticaltechnik.ch\/fr\/wp-json\/wp\/v2\/types\/product"}],"wp:featuredmedia":[{"embeddable":true,"href":"https:\/\/verticaltechnik.ch\/fr\/wp-json\/wp\/v2\/media\/58712"}],"wp:attachment":[{"href":"https:\/\/verticaltechnik.ch\/fr\/wp-json\/wp\/v2\/media?parent=58711"}],"wp:term":[{"taxonomy":"product_brand","embeddable":true,"href":"https:\/\/verticaltechnik.ch\/fr\/wp-json\/wp\/v2\/product_brand?post=58711"},{"taxonomy":"product_cat","embeddable":true,"href":"https:\/\/verticaltechnik.ch\/fr\/wp-json\/wp\/v2\/product_cat?post=58711"},{"taxonomy":"product_tag","embeddable":true,"href":"https:\/\/verticaltechnik.ch\/fr\/wp-json\/wp\/v2\/product_tag?post=58711"}],"curies":[{"name":"wp","href":"https:\/\/api.w.org\/{rel}","templated":true}]}}