{"id":58735,"date":"2026-04-14T10:12:19","date_gmt":"2026-04-14T10:12:19","guid":{"rendered":"https:\/\/verticaltechnik.ch\/product\/set-street-workout-gentium-power\/"},"modified":"2026-04-14T10:12:19","modified_gmt":"2026-04-14T10:12:19","slug":"set-street-workout-gentium-power","status":"publish","type":"product","link":"https:\/\/verticaltechnik.ch\/fr\/produit\/set-street-workout-gentium-power\/","title":{"rendered":"Set Street Workout Gentium Power"},"content":{"rendered":"<p>Contenu de la livraison :<br \/>\nSet compos\u00e9 d&rsquo;une installation Street Workout + double panneau d&rsquo;information en acier inoxydable K02030.<\/p>\n<p>Montage sur sol :<br \/>\nInstallation SW con\u00e7ue pour rev\u00eatement amortissant en EPDM, gravier, sable ou copeaux de bois. Montage sur fondations en b\u00e9ton ou scellement dans le sol. <\/p>\n<p>Construction de l&rsquo;installation Street Workout :<br \/>\nPoteaux Mat. : acier d\u00e9coup\u00e9 au laser<br \/>\nPoteaux Dim. : tube carr\u00e9 120\u00d7120\u00d75 mm<br \/>\nPoteaux Trait. surf. : galvanis\u00e9<br \/>\nPoteaux Rev\u00eat. : rev\u00eatement par poudre RAL<br \/>\nColoris : RAL selon souhait du client<br \/>\nFixation : plaques \u00e0 bride ou scellement<br \/>\nAncrage : ancres b\u00e9ton M10\u00d7120 mm galvanis\u00e9es<br \/>\nBarres de traction : tubes en acier rond galvanis\u00e9s<br \/>\nVisserie : vis \u00e0 six pans creux en acier inoxydable anti-vandalisme<br \/>\nBanc + mur d&rsquo;appui : plaques HPL<br \/>\nIdentification : plaques signal\u00e9tiques + autocollants d&rsquo;exercices sur poteaux<br \/>\nNorme : fabrication + montage selon EN 16630<\/p>\n<p>Possibilit\u00e9s d&rsquo;entra\u00eenement :<br \/>\nBanc &amp; Sol<br \/>\nFlexions du tronc, de la nuque, muscles abdominaux + dorsaux en position allong\u00e9e<br \/>\nChandelle (appui sur les \u00e9paules) avec maintien aux barres<br \/>\nExercices au sol sur rev\u00eatement amortissant EPDM<\/p>\n<p>Barres de traction &amp; barres horizontales :<br \/>\nTractions \u00e0 diff\u00e9rentes hauteurs<br \/>\nSauts de barre en barre (angle 90\u00b0)<br \/>\nPompes + appuis suspendus aux barres basses (1,2\/1,5 m)<br \/>\nExercices avec bande \u00e9lastique aux barreaux<\/p>\n<p>Barres de suspension &amp; Monkey Bars :<br \/>\nHorizontales, l\u00e9g\u00e8rement descendantes + en mont\u00e9e oblique<br \/>\nSnake Bars : mouvements horizontaux + haut\/bas<br \/>\nHigh Bar 3 barreaux (angle 35\u00b0) pour sauts<br \/>\nNinja-Grip aux poign\u00e9es sph\u00e9riques avec anneaux<\/p>\n<p>Typique Calisthenics :<br \/>\nHuman Flag \u00e0 la Flag-Bar<br \/>\nPlanches en l&rsquo;air, mouvements \u00ab grimpeur \u00bb, rotations<br \/>\nAppui renvers\u00e9 + appuis au mur d&rsquo;appui<\/p>\n","protected":false},"excerpt":{"rendered":"<p>Contenu de la livraison : Set compos\u00e9 d&rsquo;une installation Street Workout + double panneau d&rsquo;information en acier inoxydable K02030. Montage sur sol : Installation SW con\u00e7ue pour rev\u00eatement amortissant en&#8230;<\/p>\n","protected":false},"featured_media":58736,"template":"","meta":[],"product_brand":[],"product_cat":[11962],"product_tag":[],"class_list":{"0":"post-58735","1":"product","2":"type-product","3":"status-publish","4":"has-post-thumbnail","6":"product_cat-set-installations-completes","8":"first","9":"instock","10":"shipping-taxable","11":"product-type-simple"},"_links":{"self":[{"href":"https:\/\/verticaltechnik.ch\/fr\/wp-json\/wp\/v2\/product\/58735","targetHints":{"allow":["GET"]}}],"collection":[{"href":"https:\/\/verticaltechnik.ch\/fr\/wp-json\/wp\/v2\/product"}],"about":[{"href":"https:\/\/verticaltechnik.ch\/fr\/wp-json\/wp\/v2\/types\/product"}],"wp:featuredmedia":[{"embeddable":true,"href":"https:\/\/verticaltechnik.ch\/fr\/wp-json\/wp\/v2\/media\/58736"}],"wp:attachment":[{"href":"https:\/\/verticaltechnik.ch\/fr\/wp-json\/wp\/v2\/media?parent=58735"}],"wp:term":[{"taxonomy":"product_brand","embeddable":true,"href":"https:\/\/verticaltechnik.ch\/fr\/wp-json\/wp\/v2\/product_brand?post=58735"},{"taxonomy":"product_cat","embeddable":true,"href":"https:\/\/verticaltechnik.ch\/fr\/wp-json\/wp\/v2\/product_cat?post=58735"},{"taxonomy":"product_tag","embeddable":true,"href":"https:\/\/verticaltechnik.ch\/fr\/wp-json\/wp\/v2\/product_tag?post=58735"}],"curies":[{"name":"wp","href":"https:\/\/api.w.org\/{rel}","templated":true}]}}