{"id":58837,"date":"2026-04-16T13:28:16","date_gmt":"2026-04-16T13:28:16","guid":{"rendered":"https:\/\/verticaltechnik.ch\/?post_type=product&#038;p=58837"},"modified":"2026-04-16T13:48:39","modified_gmt":"2026-04-16T13:48:39","slug":"street-workout-set-avenir-light-kopie","status":"publish","type":"product","link":"https:\/\/verticaltechnik.ch\/fr\/produit\/street-workout-set-avenir-light-kopie\/","title":{"rendered":"Set de Street Workout Glypha light"},"content":{"rendered":"<p>Ensemble compos\u00e9 d\u2019une installation de street workout avec panneau d\u2019information conforme \u00e0 la norme EN 16630. L\u2019installation de street workout est con\u00e7ue pour un rev\u00eatement amortissant en EPDM. Le panneau d\u2019information mesure 50 \u00d7 80 cm. Nous le mettons en forme graphiquement selon les souhaits du client et il contient des informations telles que des QR codes vers des vid\u00e9os d\u2019exercices consultables via smartphone, les r\u00e8gles d\u2019utilisation, les horaires d\u2019utilisation, les num\u00e9ros d\u2019urgence, des logos, les contacts de l\u2019exploitant ainsi que du fabricant. Des plaquettes avec des exercices sont fix\u00e9es sur les poteaux.    <\/p>\n<p>Description technique :<br \/>\nPoteaux galvanis\u00e9s en tubes d\u2019acier carr\u00e9s 80 \u00d7 80 \u00d7 3 mm avec bride pour fixation sur les fondations, tubes transversaux galvanis\u00e9s avec plaques \u00e0 bride. Assemblages par vis BTR galvanis\u00e9es M10, rondelles et \u00e9crous borgnes. Incl. fiche technique pour travaux de terrassement, fondations et protection antichute en EPDM.   <\/p>\n<p>Les travaux de terrassement, les fondations et la protection antichute sont mentionn\u00e9s \u00e0 titre d&rsquo;option dans nos offres \u00e0 des fins d&rsquo;orientation des co\u00fbts. Nous n&rsquo;effectuons pas ces prestations nous-m\u00eames, mais des ma\u00eetres d&rsquo;\u0153uvre locaux ou des entreprises sp\u00e9cialis\u00e9es dans la protection antichute. Apr\u00e8s accord, nous sommes toutefois dispos\u00e9s \u00e0 r\u00e9aliser ces prestations dans le cadre d&rsquo;une entreprise g\u00e9n\u00e9rale ou, si le client confie les prestations directement \u00e0 des entreprises tierces, \u00e0 \u00e9tablir les plans d&rsquo;ex\u00e9cution et \u00e0 prendre en charge la direction des travaux.  <\/p>\n<p>Contenu de la livraison :<br \/>\n- Installation de Street Workout Glypha light<br \/>\n- 3x barres en U 1200<br \/>\n- Panneau d\u2019information selon la norme EN 16630 (r\u00e9f. K01419)<\/p>\n","protected":false},"excerpt":{"rendered":"<p>Ensemble compos\u00e9 d\u2019une installation de street workout avec panneau d\u2019information conforme \u00e0 la norme EN 16630. L\u2019installation de street workout est con\u00e7ue pour un rev\u00eatement amortissant en EPDM. Le panneau&#8230;<\/p>\n","protected":false},"featured_media":58841,"template":"","meta":[],"product_brand":[],"product_cat":[12027,11997,11825],"product_tag":[],"class_list":{"0":"post-58837","1":"product","2":"type-product","3":"status-publish","4":"has-post-thumbnail","6":"product_cat-set-installations-completes-2","7":"product_cat-version-legere","8":"product_cat-street-workout-fr","10":"first","11":"instock","12":"shipping-taxable","13":"purchasable","14":"product-type-simple"},"_links":{"self":[{"href":"https:\/\/verticaltechnik.ch\/fr\/wp-json\/wp\/v2\/product\/58837","targetHints":{"allow":["GET"]}}],"collection":[{"href":"https:\/\/verticaltechnik.ch\/fr\/wp-json\/wp\/v2\/product"}],"about":[{"href":"https:\/\/verticaltechnik.ch\/fr\/wp-json\/wp\/v2\/types\/product"}],"wp:featuredmedia":[{"embeddable":true,"href":"https:\/\/verticaltechnik.ch\/fr\/wp-json\/wp\/v2\/media\/58841"}],"wp:attachment":[{"href":"https:\/\/verticaltechnik.ch\/fr\/wp-json\/wp\/v2\/media?parent=58837"}],"wp:term":[{"taxonomy":"product_brand","embeddable":true,"href":"https:\/\/verticaltechnik.ch\/fr\/wp-json\/wp\/v2\/product_brand?post=58837"},{"taxonomy":"product_cat","embeddable":true,"href":"https:\/\/verticaltechnik.ch\/fr\/wp-json\/wp\/v2\/product_cat?post=58837"},{"taxonomy":"product_tag","embeddable":true,"href":"https:\/\/verticaltechnik.ch\/fr\/wp-json\/wp\/v2\/product_tag?post=58837"}],"curies":[{"name":"wp","href":"https:\/\/api.w.org\/{rel}","templated":true}]}}