{"id":48172,"date":"2025-08-28T09:40:06","date_gmt":"2025-08-28T09:40:06","guid":{"rendered":"https:\/\/newvt.verticaltechnik.ch\/product\/trick-box-skateface-curved-400-500-x-6m\/"},"modified":"2026-02-04T13:34:32","modified_gmt":"2026-02-04T13:34:32","slug":"trick-box-skateface-curved-400-500-x-6m","status":"publish","type":"product","link":"https:\/\/verticaltechnik.ch\/it\/prodotto\/trick-box-skateface-curved-400-500-x-6m\/","title":{"rendered":"Trick Box SKATEFACE\u00ae curved 400 500 x 6m"},"content":{"rendered":"<p>Una Trick Box curva \u00e8 una versione arrotondata di una Trick Box. \u00c8 molto popolare perch\u00e9 permette un cambio di direzione. Su di essa si eseguono trick come Tailslide, Noseslide o Grinds, e sono possibili anche molte combinazioni.   <\/p>\n","protected":false},"excerpt":{"rendered":"<p>Una Trick Box curva \u00e8 una versione arrotondata di una Trick Box. \u00c8 molto popolare perch\u00e9 permette un cambio di direzione. Su di essa si eseguono trick come Tailslide, Noseslide&#8230;<\/p>\n","protected":false},"featured_media":45155,"template":"","meta":[],"product_brand":[],"product_cat":[11845],"product_tag":[],"class_list":{"0":"post-48172","1":"product","2":"type-product","3":"status-publish","4":"has-post-thumbnail","6":"product_cat-box-per-trick","8":"first","9":"instock","10":"shipping-taxable","11":"purchasable","12":"product-type-simple"},"_links":{"self":[{"href":"https:\/\/verticaltechnik.ch\/it\/wp-json\/wp\/v2\/product\/48172","targetHints":{"allow":["GET"]}}],"collection":[{"href":"https:\/\/verticaltechnik.ch\/it\/wp-json\/wp\/v2\/product"}],"about":[{"href":"https:\/\/verticaltechnik.ch\/it\/wp-json\/wp\/v2\/types\/product"}],"wp:featuredmedia":[{"embeddable":true,"href":"https:\/\/verticaltechnik.ch\/it\/wp-json\/wp\/v2\/media\/45155"}],"wp:attachment":[{"href":"https:\/\/verticaltechnik.ch\/it\/wp-json\/wp\/v2\/media?parent=48172"}],"wp:term":[{"taxonomy":"product_brand","embeddable":true,"href":"https:\/\/verticaltechnik.ch\/it\/wp-json\/wp\/v2\/product_brand?post=48172"},{"taxonomy":"product_cat","embeddable":true,"href":"https:\/\/verticaltechnik.ch\/it\/wp-json\/wp\/v2\/product_cat?post=48172"},{"taxonomy":"product_tag","embeddable":true,"href":"https:\/\/verticaltechnik.ch\/it\/wp-json\/wp\/v2\/product_tag?post=48172"}],"curies":[{"name":"wp","href":"https:\/\/api.w.org\/{rel}","templated":true}]}}