{"id":48311,"date":"2025-08-28T09:35:33","date_gmt":"2025-08-28T09:35:33","guid":{"rendered":"https:\/\/newvt.verticaltechnik.ch\/product\/guida-tubo-quadrato-dritto-3m-2\/"},"modified":"2026-02-04T12:41:44","modified_gmt":"2026-02-04T12:41:44","slug":"guida-tubo-quadrato-dritto-3m-2","status":"publish","type":"product","link":"https:\/\/verticaltechnik.ch\/it\/prodotto\/guida-tubo-quadrato-dritto-3m-2\/","title":{"rendered":"Guida tubo quadrato dritto 3m"},"content":{"rendered":"<p>Un rail o railslide serve a saltare sulla barra con un ollie e a scivolarci sopra. Si eseguono grind o slide posizionando lo skateboard in modo trasversale o longitudinale rispetto al rail. Mille trick e varianti possono essere eseguiti su questo modulo. Dal semplice boardslide a combinazioni di pi\u00f9 trick, tutto \u00e8 possibile. Un railslide \u00e8 un modulo base che non pu\u00f2 mancare in nessuno skatepark. Funziona per tutti i livelli di difficolt\u00e0.    <\/p>\n","protected":false},"excerpt":{"rendered":"<p>Un rail o railslide serve a saltare sulla barra con un ollie e a scivolarci sopra. Si eseguono grind o slide posizionando lo skateboard in modo trasversale o longitudinale rispetto&#8230;<\/p>\n","protected":false},"featured_media":45363,"template":"","meta":[],"product_brand":[],"product_cat":[11860],"product_tag":[],"class_list":{"0":"post-48311","1":"product","2":"type-product","3":"status-publish","4":"has-post-thumbnail","6":"product_cat-rail-dritto","8":"first","9":"instock","10":"shipping-taxable","11":"purchasable","12":"product-type-simple"},"_links":{"self":[{"href":"https:\/\/verticaltechnik.ch\/it\/wp-json\/wp\/v2\/product\/48311","targetHints":{"allow":["GET"]}}],"collection":[{"href":"https:\/\/verticaltechnik.ch\/it\/wp-json\/wp\/v2\/product"}],"about":[{"href":"https:\/\/verticaltechnik.ch\/it\/wp-json\/wp\/v2\/types\/product"}],"wp:featuredmedia":[{"embeddable":true,"href":"https:\/\/verticaltechnik.ch\/it\/wp-json\/wp\/v2\/media\/45363"}],"wp:attachment":[{"href":"https:\/\/verticaltechnik.ch\/it\/wp-json\/wp\/v2\/media?parent=48311"}],"wp:term":[{"taxonomy":"product_brand","embeddable":true,"href":"https:\/\/verticaltechnik.ch\/it\/wp-json\/wp\/v2\/product_brand?post=48311"},{"taxonomy":"product_cat","embeddable":true,"href":"https:\/\/verticaltechnik.ch\/it\/wp-json\/wp\/v2\/product_cat?post=48311"},{"taxonomy":"product_tag","embeddable":true,"href":"https:\/\/verticaltechnik.ch\/it\/wp-json\/wp\/v2\/product_tag?post=48311"}],"curies":[{"name":"wp","href":"https:\/\/api.w.org\/{rel}","templated":true}]}}