{"id":48380,"date":"2025-08-28T09:42:20","date_gmt":"2025-08-28T09:42:20","guid":{"rendered":"https:\/\/newvt.verticaltechnik.ch\/product\/tavolo-da-picnic-in-acciaio-300-600-x-29-m\/"},"modified":"2026-02-04T13:44:43","modified_gmt":"2026-02-04T13:44:43","slug":"tavolo-da-picnic-in-acciaio-300-600-x-29-m","status":"publish","type":"product","link":"https:\/\/verticaltechnik.ch\/it\/prodotto\/tavolo-da-picnic-in-acciaio-300-600-x-29-m\/","title":{"rendered":"Tavolo da picnic in acciaio 300 600 x 2,9 m"},"content":{"rendered":"<p>Un tavolo da picnic serve per saltare con un ollie sulla seduta o sul tavolo ed eseguire un trick. Si eseguono grind o slide. Un tavolo da picnic \u00e8 un modulo aggiuntivo che pu\u00f2 essere posizionato anche dopo un kicker. \u00c8 adatto a tutti i livelli di difficolt\u00e0.    <\/p>\n","protected":false},"excerpt":{"rendered":"<p>Un tavolo da picnic serve per saltare con un ollie sulla seduta o sul tavolo ed eseguire un trick. Si eseguono grind o slide. Un tavolo da picnic \u00e8 un&#8230;<\/p>\n","protected":false},"featured_media":45039,"template":"","meta":[],"product_brand":[],"product_cat":[11889],"product_tag":[],"class_list":{"0":"post-48380","1":"product","2":"type-product","3":"status-publish","4":"has-post-thumbnail","6":"product_cat-tavolo-da-picnic-in-acciaio","8":"first","9":"instock","10":"shipping-taxable","11":"purchasable","12":"product-type-simple"},"_links":{"self":[{"href":"https:\/\/verticaltechnik.ch\/it\/wp-json\/wp\/v2\/product\/48380","targetHints":{"allow":["GET"]}}],"collection":[{"href":"https:\/\/verticaltechnik.ch\/it\/wp-json\/wp\/v2\/product"}],"about":[{"href":"https:\/\/verticaltechnik.ch\/it\/wp-json\/wp\/v2\/types\/product"}],"wp:featuredmedia":[{"embeddable":true,"href":"https:\/\/verticaltechnik.ch\/it\/wp-json\/wp\/v2\/media\/45039"}],"wp:attachment":[{"href":"https:\/\/verticaltechnik.ch\/it\/wp-json\/wp\/v2\/media?parent=48380"}],"wp:term":[{"taxonomy":"product_brand","embeddable":true,"href":"https:\/\/verticaltechnik.ch\/it\/wp-json\/wp\/v2\/product_brand?post=48380"},{"taxonomy":"product_cat","embeddable":true,"href":"https:\/\/verticaltechnik.ch\/it\/wp-json\/wp\/v2\/product_cat?post=48380"},{"taxonomy":"product_tag","embeddable":true,"href":"https:\/\/verticaltechnik.ch\/it\/wp-json\/wp\/v2\/product_tag?post=48380"}],"curies":[{"name":"wp","href":"https:\/\/api.w.org\/{rel}","templated":true}]}}