{"id":48388,"date":"2025-08-28T09:42:17","date_gmt":"2025-08-28T09:42:17","guid":{"rendered":"https:\/\/newvt.verticaltechnik.ch\/product\/wheelie-table-steel-200-x-2-5m-stone-ledge\/"},"modified":"2026-02-04T13:43:33","modified_gmt":"2026-02-04T13:43:33","slug":"wheelie-table-steel-200-x-2-5m-stone-ledge","status":"publish","type":"product","link":"https:\/\/verticaltechnik.ch\/it\/prodotto\/wheelie-table-steel-200-x-2-5m-stone-ledge\/","title":{"rendered":"Wheelie Table steel 200 x 2.5m + Stone Ledge"},"content":{"rendered":"<p>Questo modulo consiste in una box su cui si pu\u00f2 saltare con un ollie. Sulla superficie si eseguono trick come i wheelie (mantenere l&#8217;equilibrio su due ruote). Da un wheelie si possono derivare innumerevoli variazioni, che si aggiungono durante la discesa, come ad esempio un flip a 360\u00b0 (rotazione dello skateboard di 360\u00b0 sull&#8217;asse longitudinale) per poi atterrare di nuovo. Questo modulo offre molte possibilit\u00e0 per essere creativi. \u00c8 un modulo base molto popolare in uno skatepark. Se c&#8217;\u00e8 spazio sufficiente, dovrebbero essere disponibili diverse altezze per offrire vari livelli di difficolt\u00e0.<br \/>\nLa Stone Ledge \u00e8 molto apprezzata per le ideali propriet\u00e0 di scorrimento della superficie di scorrimento in granito nero finemente levigato. Su di essa si eseguono trick come Tailslide, Noseslide o Grind, con molte combinazioni possibili. L&#8217;utilizzo crea una sensazione di guida particolarmente buona con un perfetto controllo della tavola.   <\/p>\n","protected":false},"excerpt":{"rendered":"<p>Questo modulo consiste in una box su cui si pu\u00f2 saltare con un ollie. Sulla superficie si eseguono trick come i wheelie (mantenere l&#8217;equilibrio su due ruote). Da un wheelie&#8230;<\/p>\n","protected":false},"featured_media":45051,"template":"","meta":[],"product_brand":[],"product_cat":[11921],"product_tag":[],"class_list":{"0":"post-48388","1":"product","2":"type-product","3":"status-publish","4":"has-post-thumbnail","6":"product_cat-tavolo-wheelie","8":"first","9":"instock","10":"shipping-taxable","11":"purchasable","12":"product-type-simple"},"_links":{"self":[{"href":"https:\/\/verticaltechnik.ch\/it\/wp-json\/wp\/v2\/product\/48388","targetHints":{"allow":["GET"]}}],"collection":[{"href":"https:\/\/verticaltechnik.ch\/it\/wp-json\/wp\/v2\/product"}],"about":[{"href":"https:\/\/verticaltechnik.ch\/it\/wp-json\/wp\/v2\/types\/product"}],"wp:featuredmedia":[{"embeddable":true,"href":"https:\/\/verticaltechnik.ch\/it\/wp-json\/wp\/v2\/media\/45051"}],"wp:attachment":[{"href":"https:\/\/verticaltechnik.ch\/it\/wp-json\/wp\/v2\/media?parent=48388"}],"wp:term":[{"taxonomy":"product_brand","embeddable":true,"href":"https:\/\/verticaltechnik.ch\/it\/wp-json\/wp\/v2\/product_brand?post=48388"},{"taxonomy":"product_cat","embeddable":true,"href":"https:\/\/verticaltechnik.ch\/it\/wp-json\/wp\/v2\/product_cat?post=48388"},{"taxonomy":"product_tag","embeddable":true,"href":"https:\/\/verticaltechnik.ch\/it\/wp-json\/wp\/v2\/product_tag?post=48388"}],"curies":[{"name":"wp","href":"https:\/\/api.w.org\/{rel}","templated":true}]}}