{"id":48409,"date":"2025-08-28T09:33:22","date_gmt":"2025-08-28T09:33:22","guid":{"rendered":"https:\/\/newvt.verticaltechnik.ch\/product\/granite-curb-wall\/"},"modified":"2026-03-17T14:02:40","modified_gmt":"2026-03-17T14:02:40","slug":"granite-curb-wall","status":"publish","type":"product","link":"https:\/\/verticaltechnik.ch\/it\/product\/granite-curb-wall\/","title":{"rendered":"Granite Curb Wall"},"content":{"rendered":"<p>La Granite Curb Wall \u00e8 molto apprezzata per le ideali propriet\u00e0 di scorrimento della superficie in granito finemente levigata. Il suo utilizzo \u00e8 versatile e permette di eseguire vari tipi di trick.  <\/p>\n","protected":false},"excerpt":{"rendered":"<p>La Granite Curb Wall \u00e8 molto apprezzata per le ideali propriet\u00e0 di scorrimento della superficie in granito finemente levigata. Il suo utilizzo \u00e8 versatile e permette di eseguire vari tipi&#8230;<\/p>\n","protected":false},"featured_media":45467,"template":"","meta":[],"product_brand":[],"product_cat":[12334,11892],"product_tag":[],"class_list":{"0":"post-48409","1":"product","2":"type-product","3":"status-publish","4":"has-post-thumbnail","6":"product_cat-arredo-urbano","7":"product_cat-cordoli","9":"first","10":"instock","11":"shipping-taxable","12":"purchasable","13":"product-type-simple"},"_links":{"self":[{"href":"https:\/\/verticaltechnik.ch\/it\/wp-json\/wp\/v2\/product\/48409","targetHints":{"allow":["GET"]}}],"collection":[{"href":"https:\/\/verticaltechnik.ch\/it\/wp-json\/wp\/v2\/product"}],"about":[{"href":"https:\/\/verticaltechnik.ch\/it\/wp-json\/wp\/v2\/types\/product"}],"wp:featuredmedia":[{"embeddable":true,"href":"https:\/\/verticaltechnik.ch\/it\/wp-json\/wp\/v2\/media\/45467"}],"wp:attachment":[{"href":"https:\/\/verticaltechnik.ch\/it\/wp-json\/wp\/v2\/media?parent=48409"}],"wp:term":[{"taxonomy":"product_brand","embeddable":true,"href":"https:\/\/verticaltechnik.ch\/it\/wp-json\/wp\/v2\/product_brand?post=48409"},{"taxonomy":"product_cat","embeddable":true,"href":"https:\/\/verticaltechnik.ch\/it\/wp-json\/wp\/v2\/product_cat?post=48409"},{"taxonomy":"product_tag","embeddable":true,"href":"https:\/\/verticaltechnik.ch\/it\/wp-json\/wp\/v2\/product_tag?post=48409"}],"curies":[{"name":"wp","href":"https:\/\/api.w.org\/{rel}","templated":true}]}}