{"id":48417,"date":"2025-08-28T09:33:18","date_gmt":"2025-08-28T09:33:18","guid":{"rendered":"https:\/\/newvt.verticaltechnik.ch\/product\/granite-step-curb-3\/"},"modified":"2026-03-17T14:02:53","modified_gmt":"2026-03-17T14:02:53","slug":"granite-step-curb-3","status":"publish","type":"product","link":"https:\/\/verticaltechnik.ch\/it\/product\/granite-step-curb-3\/","title":{"rendered":"Granite Step Curb 3"},"content":{"rendered":"<p>Questo modulo \u00e8 costituito da una scatola su cui si pu\u00f2 saltare con un ollie. Sulla superficie si eseguono trick come i wheelie (bilanciarsi su due ruote). Da un wheelie si possono derivare innumerevoli varianti, che si aggiungono in discesa, come ad esempio un 360\u00b0 Flip (rotazione dello skateboard di 360\u00b0 sull&#8217;asse longitudinale) per poi atterrarci di nuovo. Questo modulo offre molte possibilit\u00e0 per essere creativi. \u00c8 un modulo base molto popolare in uno skatepark. Se c&#8217;\u00e8 spazio sufficiente, dovrebbero essere disponibili diverse altezze per offrire diversi livelli di difficolt\u00e0.     <\/p>\n","protected":false},"excerpt":{"rendered":"<p>Questo modulo \u00e8 costituito da una scatola su cui si pu\u00f2 saltare con un ollie. Sulla superficie si eseguono trick come i wheelie (bilanciarsi su due ruote). Da un wheelie&#8230;<\/p>\n","protected":false},"featured_media":45479,"template":"","meta":[],"product_brand":[],"product_cat":[12334,11892],"product_tag":[],"class_list":{"0":"post-48417","1":"product","2":"type-product","3":"status-publish","4":"has-post-thumbnail","6":"product_cat-arredo-urbano","7":"product_cat-cordoli","9":"first","10":"instock","11":"shipping-taxable","12":"purchasable","13":"product-type-simple"},"_links":{"self":[{"href":"https:\/\/verticaltechnik.ch\/it\/wp-json\/wp\/v2\/product\/48417","targetHints":{"allow":["GET"]}}],"collection":[{"href":"https:\/\/verticaltechnik.ch\/it\/wp-json\/wp\/v2\/product"}],"about":[{"href":"https:\/\/verticaltechnik.ch\/it\/wp-json\/wp\/v2\/types\/product"}],"wp:featuredmedia":[{"embeddable":true,"href":"https:\/\/verticaltechnik.ch\/it\/wp-json\/wp\/v2\/media\/45479"}],"wp:attachment":[{"href":"https:\/\/verticaltechnik.ch\/it\/wp-json\/wp\/v2\/media?parent=48417"}],"wp:term":[{"taxonomy":"product_brand","embeddable":true,"href":"https:\/\/verticaltechnik.ch\/it\/wp-json\/wp\/v2\/product_brand?post=48417"},{"taxonomy":"product_cat","embeddable":true,"href":"https:\/\/verticaltechnik.ch\/it\/wp-json\/wp\/v2\/product_cat?post=48417"},{"taxonomy":"product_tag","embeddable":true,"href":"https:\/\/verticaltechnik.ch\/it\/wp-json\/wp\/v2\/product_tag?post=48417"}],"curies":[{"name":"wp","href":"https:\/\/api.w.org\/{rel}","templated":true}]}}