{"id":48481,"date":"2025-08-28T09:50:59","date_gmt":"2025-08-28T09:50:59","guid":{"rendered":"https:\/\/newvt.verticaltechnik.ch\/product\/pyramid-600-x-3-ledge-rail-f\/"},"modified":"2025-08-28T09:50:59","modified_gmt":"2025-08-28T09:50:59","slug":"pyramid-600-x-3-ledge-rail-f","status":"publish","type":"product","link":"https:\/\/verticaltechnik.ch\/it\/prodotto\/pyramid-600-x-3-ledge-rail-f\/","title":{"rendered":"Pyramid 600 x 3 + Ledge + Rail F"},"content":{"rendered":"<p>La Piramide \u00e8 un&#8217;estensione di una Pandora Box. \u00c8 chiusa su tre lati e pu\u00f2 essere affrontata da ogni direzione. Si pu\u00f2 saltare su un angolo ed eseguire trick come i Kick Flips to Fakie, cambiando cos\u00ec la direzione di marcia di 90\u00b0. Tuttavia, si pu\u00f2 anche sorvolarla longitudinalmente come una Pandora Box o eseguire trick su muri e rail.    <\/p>\n","protected":false},"excerpt":{"rendered":"<p>La Piramide \u00e8 un&#8217;estensione di una Pandora Box. \u00c8 chiusa su tre lati e pu\u00f2 essere affrontata da ogni direzione. Si pu\u00f2 saltare su un angolo ed eseguire trick come&#8230;<\/p>\n","protected":false},"featured_media":44655,"template":"","meta":[],"product_brand":[],"product_cat":[11918],"product_tag":[],"class_list":{"0":"post-48481","1":"product","2":"type-product","3":"status-publish","4":"has-post-thumbnail","6":"product_cat-piramide-standard","8":"first","9":"instock","10":"shipping-taxable","11":"purchasable","12":"product-type-simple"},"_links":{"self":[{"href":"https:\/\/verticaltechnik.ch\/it\/wp-json\/wp\/v2\/product\/48481","targetHints":{"allow":["GET"]}}],"collection":[{"href":"https:\/\/verticaltechnik.ch\/it\/wp-json\/wp\/v2\/product"}],"about":[{"href":"https:\/\/verticaltechnik.ch\/it\/wp-json\/wp\/v2\/types\/product"}],"wp:featuredmedia":[{"embeddable":true,"href":"https:\/\/verticaltechnik.ch\/it\/wp-json\/wp\/v2\/media\/44655"}],"wp:attachment":[{"href":"https:\/\/verticaltechnik.ch\/it\/wp-json\/wp\/v2\/media?parent=48481"}],"wp:term":[{"taxonomy":"product_brand","embeddable":true,"href":"https:\/\/verticaltechnik.ch\/it\/wp-json\/wp\/v2\/product_brand?post=48481"},{"taxonomy":"product_cat","embeddable":true,"href":"https:\/\/verticaltechnik.ch\/it\/wp-json\/wp\/v2\/product_cat?post=48481"},{"taxonomy":"product_tag","embeddable":true,"href":"https:\/\/verticaltechnik.ch\/it\/wp-json\/wp\/v2\/product_tag?post=48481"}],"curies":[{"name":"wp","href":"https:\/\/api.w.org\/{rel}","templated":true}]}}