{"id":48510,"date":"2025-08-28T09:42:12","date_gmt":"2025-08-28T09:42:12","guid":{"rendered":"https:\/\/newvt.verticaltechnik.ch\/product\/wheelie-table-200-3m-rail-straight-s\/"},"modified":"2026-02-04T13:41:29","modified_gmt":"2026-02-04T13:41:29","slug":"wheelie-table-200-3m-rail-straight-s","status":"publish","type":"product","link":"https:\/\/verticaltechnik.ch\/it\/prodotto\/wheelie-table-200-3m-rail-straight-s\/","title":{"rendered":"Wheelie Table 200 3m + Rail straight S"},"content":{"rendered":"<p>Questo modulo consiste in una box su cui si pu\u00f2 saltare con un ollie. Sulla superficie si eseguono trick come i wheelie (mantenere l&#8217;equilibrio su due ruote). Da un wheelie si possono derivare innumerevoli variazioni, che si aggiungono durante la discesa, come ad esempio un flip a 360\u00b0 (rotazione dello skateboard di 360\u00b0 sull&#8217;asse longitudinale) per poi atterrare di nuovo. Questo modulo offre molte possibilit\u00e0 per essere creativi. \u00c8 un modulo base molto popolare in uno skatepark. Se c&#8217;\u00e8 spazio sufficiente, dovrebbero essere disponibili diverse altezze per offrire vari livelli di difficolt\u00e0.<br \/>\nUn rail o railslide serve a saltare sulla barra con un ollie e a scivolarci sopra. Si eseguono grind o slide posizionando lo skateboard in modo trasversale o longitudinale rispetto al rail. Mille trick e varianti possono essere eseguiti su questo modulo. Dal semplice boardslide a combinazioni di pi\u00f9 trick, tutto \u00e8 possibile. Un railslide \u00e8 un modulo base che non pu\u00f2 mancare in nessuno skatepark. Funziona per tutti i livelli di difficolt\u00e0.    <\/p>\n","protected":false},"excerpt":{"rendered":"<p>Questo modulo consiste in una box su cui si pu\u00f2 saltare con un ollie. Sulla superficie si eseguono trick come i wheelie (mantenere l&#8217;equilibrio su due ruote). Da un wheelie&#8230;<\/p>\n","protected":false},"featured_media":45067,"template":"","meta":[],"product_brand":[],"product_cat":[11921],"product_tag":[],"class_list":{"0":"post-48510","1":"product","2":"type-product","3":"status-publish","4":"has-post-thumbnail","6":"product_cat-tavolo-wheelie","8":"first","9":"instock","10":"shipping-taxable","11":"purchasable","12":"product-type-simple"},"_links":{"self":[{"href":"https:\/\/verticaltechnik.ch\/it\/wp-json\/wp\/v2\/product\/48510","targetHints":{"allow":["GET"]}}],"collection":[{"href":"https:\/\/verticaltechnik.ch\/it\/wp-json\/wp\/v2\/product"}],"about":[{"href":"https:\/\/verticaltechnik.ch\/it\/wp-json\/wp\/v2\/types\/product"}],"wp:featuredmedia":[{"embeddable":true,"href":"https:\/\/verticaltechnik.ch\/it\/wp-json\/wp\/v2\/media\/45067"}],"wp:attachment":[{"href":"https:\/\/verticaltechnik.ch\/it\/wp-json\/wp\/v2\/media?parent=48510"}],"wp:term":[{"taxonomy":"product_brand","embeddable":true,"href":"https:\/\/verticaltechnik.ch\/it\/wp-json\/wp\/v2\/product_brand?post=48510"},{"taxonomy":"product_cat","embeddable":true,"href":"https:\/\/verticaltechnik.ch\/it\/wp-json\/wp\/v2\/product_cat?post=48510"},{"taxonomy":"product_tag","embeddable":true,"href":"https:\/\/verticaltechnik.ch\/it\/wp-json\/wp\/v2\/product_tag?post=48510"}],"curies":[{"name":"wp","href":"https:\/\/api.w.org\/{rel}","templated":true}]}}