{"id":48528,"date":"2025-08-28T09:41:15","date_gmt":"2025-08-28T09:41:15","guid":{"rendered":"https:\/\/newvt.verticaltechnik.ch\/product\/double-steps-bank-400-650-2400-40-x-6m\/"},"modified":"2026-02-04T14:24:17","modified_gmt":"2026-02-04T14:24:17","slug":"double-steps-bank-400-650-2400-40-x-6m","status":"publish","type":"product","link":"https:\/\/verticaltechnik.ch\/it\/prodotto\/double-steps-bank-400-650-2400-40-x-6m\/","title":{"rendered":"Double Steps Bank 400 650 2400 40\u00b0 x 6m"},"content":{"rendered":"<p>Una Double Steps Bank \u00e8 una combinazione di un doppio gradino con un piano inclinato. Ci si possono fare tailslide, boardslide e grind. \u00c8 interessante perch\u00e9 si possono fare molte combinazioni di trick.   <\/p>\n","protected":false},"excerpt":{"rendered":"<p>Una Double Steps Bank \u00e8 una combinazione di un doppio gradino con un piano inclinato. Ci si possono fare tailslide, boardslide e grind. \u00c8 interessante perch\u00e9 si possono fare molte&#8230;<\/p>\n","protected":false},"featured_media":45099,"template":"","meta":[],"product_brand":[],"product_cat":[11836],"product_tag":[],"class_list":{"0":"post-48528","1":"product","2":"type-product","3":"status-publish","4":"has-post-thumbnail","6":"product_cat-double-steps-con-bank-40","8":"first","9":"instock","10":"shipping-taxable","11":"purchasable","12":"product-type-simple"},"_links":{"self":[{"href":"https:\/\/verticaltechnik.ch\/it\/wp-json\/wp\/v2\/product\/48528","targetHints":{"allow":["GET"]}}],"collection":[{"href":"https:\/\/verticaltechnik.ch\/it\/wp-json\/wp\/v2\/product"}],"about":[{"href":"https:\/\/verticaltechnik.ch\/it\/wp-json\/wp\/v2\/types\/product"}],"wp:featuredmedia":[{"embeddable":true,"href":"https:\/\/verticaltechnik.ch\/it\/wp-json\/wp\/v2\/media\/45099"}],"wp:attachment":[{"href":"https:\/\/verticaltechnik.ch\/it\/wp-json\/wp\/v2\/media?parent=48528"}],"wp:term":[{"taxonomy":"product_brand","embeddable":true,"href":"https:\/\/verticaltechnik.ch\/it\/wp-json\/wp\/v2\/product_brand?post=48528"},{"taxonomy":"product_cat","embeddable":true,"href":"https:\/\/verticaltechnik.ch\/it\/wp-json\/wp\/v2\/product_cat?post=48528"},{"taxonomy":"product_tag","embeddable":true,"href":"https:\/\/verticaltechnik.ch\/it\/wp-json\/wp\/v2\/product_tag?post=48528"}],"curies":[{"name":"wp","href":"https:\/\/api.w.org\/{rel}","templated":true}]}}