{"id":48803,"date":"2025-08-28T10:18:01","date_gmt":"2025-08-28T10:18:01","guid":{"rendered":"https:\/\/newvt.verticaltechnik.ch\/product\/flangia-con-manicotto-di-terra-e-fondazione\/"},"modified":"2025-08-28T10:18:01","modified_gmt":"2025-08-28T10:18:01","slug":"flangia-con-manicotto-di-terra-e-fondazione","status":"publish","type":"product","link":"https:\/\/verticaltechnik.ch\/it\/prodotto\/flangia-con-manicotto-di-terra-e-fondazione\/","title":{"rendered":"Flangia con manicotto di terra e fondazione"},"content":{"rendered":"<p>Questo manicotto a terra con flangia in acciaio zincato viene fornito con fondazione inclusa e pu\u00f2 essere cementato in qualsiasi punto del terreno bituminoso o erboso. In questo modo, pu\u00f2 essere posizionato direttamente nell&#8217;area d&#8217;ingresso, dove sar\u00e0 visibile a tutti gli utenti. Questo prodotto \u00e8 compatibile con K00700, K00701.   <\/p>\n","protected":false},"excerpt":{"rendered":"<p>Questo manicotto a terra con flangia in acciaio zincato viene fornito con fondazione inclusa e pu\u00f2 essere cementato in qualsiasi punto del terreno bituminoso o erboso. In questo modo, pu\u00f2&#8230;<\/p>\n","protected":false},"featured_media":43323,"template":"","meta":[],"product_brand":[],"product_cat":[11955],"product_tag":[],"class_list":{"0":"post-48803","1":"product","2":"type-product","3":"status-publish","4":"has-post-thumbnail","6":"product_cat-segnaletica","8":"first","9":"instock","10":"shipping-taxable","11":"purchasable","12":"product-type-simple"},"_links":{"self":[{"href":"https:\/\/verticaltechnik.ch\/it\/wp-json\/wp\/v2\/product\/48803","targetHints":{"allow":["GET"]}}],"collection":[{"href":"https:\/\/verticaltechnik.ch\/it\/wp-json\/wp\/v2\/product"}],"about":[{"href":"https:\/\/verticaltechnik.ch\/it\/wp-json\/wp\/v2\/types\/product"}],"wp:featuredmedia":[{"embeddable":true,"href":"https:\/\/verticaltechnik.ch\/it\/wp-json\/wp\/v2\/media\/43323"}],"wp:attachment":[{"href":"https:\/\/verticaltechnik.ch\/it\/wp-json\/wp\/v2\/media?parent=48803"}],"wp:term":[{"taxonomy":"product_brand","embeddable":true,"href":"https:\/\/verticaltechnik.ch\/it\/wp-json\/wp\/v2\/product_brand?post=48803"},{"taxonomy":"product_cat","embeddable":true,"href":"https:\/\/verticaltechnik.ch\/it\/wp-json\/wp\/v2\/product_cat?post=48803"},{"taxonomy":"product_tag","embeddable":true,"href":"https:\/\/verticaltechnik.ch\/it\/wp-json\/wp\/v2\/product_tag?post=48803"}],"curies":[{"name":"wp","href":"https:\/\/api.w.org\/{rel}","templated":true}]}}