{"id":48828,"date":"2025-08-28T10:26:27","date_gmt":"2025-08-28T10:26:27","guid":{"rendered":"https:\/\/newvt.verticaltechnik.ch\/product\/granite-element-r1-rail\/"},"modified":"2026-02-04T14:41:21","modified_gmt":"2026-02-04T14:41:21","slug":"granite-element-r1-rail","status":"publish","type":"product","link":"https:\/\/verticaltechnik.ch\/it\/prodotto\/granite-element-r1-rail\/","title":{"rendered":"Granite Element R1 Rail"},"content":{"rendered":"<p>Su questo rail \u00e8 possibile eseguire vari trick di slide o grind. L&#8217;utilizzo \u00e8 individuale e pu\u00f2 essere combinato con altri moduli.  <\/p>\n","protected":false},"excerpt":{"rendered":"<p>Su questo rail \u00e8 possibile eseguire vari trick di slide o grind. L&#8217;utilizzo \u00e8 individuale e pu\u00f2 essere combinato con altri moduli.<\/p>\n","protected":false},"featured_media":42943,"template":"","meta":[],"product_brand":[],"product_cat":[11970,11871],"product_tag":[],"class_list":{"0":"post-48828","1":"product","2":"type-product","3":"status-publish","4":"has-post-thumbnail","6":"product_cat-rail","7":"product_cat-stile-rail-con-spigolo-dritto","9":"first","10":"instock","11":"shipping-taxable","12":"purchasable","13":"product-type-simple"},"_links":{"self":[{"href":"https:\/\/verticaltechnik.ch\/it\/wp-json\/wp\/v2\/product\/48828","targetHints":{"allow":["GET"]}}],"collection":[{"href":"https:\/\/verticaltechnik.ch\/it\/wp-json\/wp\/v2\/product"}],"about":[{"href":"https:\/\/verticaltechnik.ch\/it\/wp-json\/wp\/v2\/types\/product"}],"wp:featuredmedia":[{"embeddable":true,"href":"https:\/\/verticaltechnik.ch\/it\/wp-json\/wp\/v2\/media\/42943"}],"wp:attachment":[{"href":"https:\/\/verticaltechnik.ch\/it\/wp-json\/wp\/v2\/media?parent=48828"}],"wp:term":[{"taxonomy":"product_brand","embeddable":true,"href":"https:\/\/verticaltechnik.ch\/it\/wp-json\/wp\/v2\/product_brand?post=48828"},{"taxonomy":"product_cat","embeddable":true,"href":"https:\/\/verticaltechnik.ch\/it\/wp-json\/wp\/v2\/product_cat?post=48828"},{"taxonomy":"product_tag","embeddable":true,"href":"https:\/\/verticaltechnik.ch\/it\/wp-json\/wp\/v2\/product_tag?post=48828"}],"curies":[{"name":"wp","href":"https:\/\/api.w.org\/{rel}","templated":true}]}}