{"id":48907,"date":"2025-08-28T10:45:16","date_gmt":"2025-08-28T10:45:16","guid":{"rendered":"https:\/\/newvt.verticaltechnik.ch\/product\/street-workout-set-excelsior-power\/"},"modified":"2026-02-18T14:34:15","modified_gmt":"2026-02-18T14:34:15","slug":"street-workout-set-excelsior-power","status":"publish","type":"product","link":"https:\/\/verticaltechnik.ch\/it\/prodotto\/street-workout-set-excelsior-power\/","title":{"rendered":"Street Workout Set Excelsior Power"},"content":{"rendered":"<p>Set composto da un&#8217;area Street Workout con doppio pannello informativo in acciaio cromato conforme alla norma EN 16630. L&#8217;area Street Workout \u00e8 progettata per pavimentazione antitrauma in EPDM. Il pannello informativo misura 1,72 m x 1,19 m, \u00e8 composto da due sezioni ed \u00e8 personalizzato graficamente secondo le richieste del cliente. Nella sezione superiore sono riportate le regole d&#8217;uso e i dati di contatto conformi alla norma. Nella sezione inferiore l&#8217;area \u00e8 rappresentata in 3D con esercizi e codici QR che rimandano a video tutorial accessibili tramite smartphone. Le regole d&#8217;uso, gli orari di utilizzo, i numeri di emergenza, i loghi, i contatti del gestore e del produttore sono riportati secondo norma. Sui pali sono presenti cartelli aggiuntivi con esercizi.      <\/p>\n<p>Descrizione tecnica:<br \/>\nPali realizzati con tubi in acciaio a sezione quadrata 120 x 120 x 5 mm zincati e verniciati a polvere in una tonalit\u00e0 RAL a scelta del cliente, con flangia per il fissaggio alle fondamenta, tubi trasversali zincati con piastre flangiate, avvitamenti mediante viti a brugola M10 in acciaio al cromo antivandalo, senza dadi sporgenti, incl. Scheda tecnica per scavi, fondazioni e pavimentazione antitrauma in EPDM.<\/p>\n<p>I lavori di sterro, le fondamenta e la protezione anticaduta sono elencati nelle nostre offerte come opzione a scopo di orientamento dei costi. Questi servizi non sono forniti da noi direttamente, ma da imprese edili locali o aziende specializzate in protezione anticaduta. Tuttavia, previo accordo, siamo disponibili a eseguire questi servizi nell&#8217;ambito di un contratto generale o, se il cliente affida i servizi direttamente a terzi, a redigere i piani esecutivi e ad assumere la direzione dei lavori.  <\/p>\n<p>Contenuto della confezione:<br \/>\n- Street Workout Anlage Excelsior Power<br \/>\n- 1x Leg Lifter<br \/>\n- 1x Push Up 400<br \/>\n- Pannello informativo doppio completo in ACCIAIO CROMATO (codice articolo K02030)<\/p>\n","protected":false},"excerpt":{"rendered":"<p>Set composto da un&#8217;area Street Workout con doppio pannello informativo in acciaio cromato conforme alla norma EN 16630. L&#8217;area Street Workout \u00e8 progettata per pavimentazione antitrauma in EPDM. Il pannello&#8230;<\/p>\n","protected":false},"featured_media":58285,"template":"","meta":[],"product_brand":[],"product_cat":[11961,11822],"product_tag":[],"class_list":{"0":"post-48907","1":"product","2":"type-product","3":"status-publish","4":"has-post-thumbnail","6":"product_cat-set-impianti-completi","7":"product_cat-street-workout-it","9":"first","10":"instock","11":"shipping-taxable","12":"purchasable","13":"product-type-simple"},"_links":{"self":[{"href":"https:\/\/verticaltechnik.ch\/it\/wp-json\/wp\/v2\/product\/48907","targetHints":{"allow":["GET"]}}],"collection":[{"href":"https:\/\/verticaltechnik.ch\/it\/wp-json\/wp\/v2\/product"}],"about":[{"href":"https:\/\/verticaltechnik.ch\/it\/wp-json\/wp\/v2\/types\/product"}],"wp:featuredmedia":[{"embeddable":true,"href":"https:\/\/verticaltechnik.ch\/it\/wp-json\/wp\/v2\/media\/58285"}],"wp:attachment":[{"href":"https:\/\/verticaltechnik.ch\/it\/wp-json\/wp\/v2\/media?parent=48907"}],"wp:term":[{"taxonomy":"product_brand","embeddable":true,"href":"https:\/\/verticaltechnik.ch\/it\/wp-json\/wp\/v2\/product_brand?post=48907"},{"taxonomy":"product_cat","embeddable":true,"href":"https:\/\/verticaltechnik.ch\/it\/wp-json\/wp\/v2\/product_cat?post=48907"},{"taxonomy":"product_tag","embeddable":true,"href":"https:\/\/verticaltechnik.ch\/it\/wp-json\/wp\/v2\/product_tag?post=48907"}],"curies":[{"name":"wp","href":"https:\/\/api.w.org\/{rel}","templated":true}]}}