{"id":48999,"date":"2025-08-28T10:43:05","date_gmt":"2025-08-28T10:43:05","guid":{"rendered":"https:\/\/newvt.verticaltechnik.ch\/product\/parete-da-boulder-mobile\/"},"modified":"2025-08-28T10:43:05","modified_gmt":"2025-08-28T10:43:05","slug":"parete-da-boulder-mobile","status":"publish","type":"product","link":"https:\/\/verticaltechnik.ch\/it\/product\/parete-da-boulder-mobile\/","title":{"rendered":"Parete da boulder mobile"},"content":{"rendered":"<p>Parete boulder mobile con area di protezione anticaduta:<br \/>\nQuesta parete da arrampicata mobile pu\u00f2 essere utilizzata in spazi pubblici e senza supervisione. \u00c8 composta da un telaio di base orizzontale con rivestimento anticaduta integrato in gomma EPDM, una parete da arrampicata con prese, un pannello informativo con le regole e una protezione anticavalcamento (tetto). La costruzione e le dimensioni sono conformi alla norma EN CE 12572 per pareti da arrampicata in aree pubbliche.   <\/p>\n<p>Telaio di base 7 m x 2,44 m:<br \/>\nIl telaio di base \u00e8 realizzato in acciaio zincato con piedini regolabili.<\/p>\n<p>Parete da arrampicata 4 m x 3 m:<br \/>\nSuperficie verticale con leggere inclinazioni, prese da arrampicata di alta qualit\u00e0. La parete \u00e8 composta da un telaio in acciaio zincato con rinforzi, rivestito frontalmente e lateralmente. Il retro \u00e8 rivestito con lamiere di alluminio.   <\/p>\n<p>Rivestimento anticaduta:<br \/>\nProtezione anticaduta in EPDM permeabile all&#8217;acqua con strato elastico e strato di usura. Il colore pu\u00f2 essere personalizzato in base alle preferenze del cliente.  <\/p>\n<p>Pannello informativo:<br \/>\nPannello informativo personalizzabile con regole conformi alla norma EN CE 12572, zincato e verniciato a polvere colorato secondo le richieste del cliente. <\/p>\n<p>Logistica:<br \/>\nPer il trasporto, l&#8217;attrezzatura viene caricata intera sul pianale di un semirimorchio ribassato. A destinazione, la parete da arrampicata viene scaricata con una gru da camion incaricata localmente.  <\/p>\n<p>Montaggio:<br \/>\nIl montaggio e lo smontaggio avvengono tramite gru da camion. La parete da arrampicata viene allineata a terra tramite piedini di livellamento sul telaio metallico. Un serbatoio d&#8217;acqua da 1000 litri viene collegato alla parete da arrampicata come peso per fissarla contro il vento forte.   <\/p>\n","protected":false},"excerpt":{"rendered":"<p>Parete boulder mobile con area di protezione anticaduta: Questa parete da arrampicata mobile pu\u00f2 essere utilizzata in spazi pubblici e senza supervisione. \u00c8 composta da un telaio di base orizzontale&#8230;<\/p>\n","protected":false},"featured_media":42679,"template":"","meta":[],"product_brand":[],"product_cat":[11985,12029],"product_tag":[],"class_list":{"0":"post-48999","1":"product","2":"type-product","3":"status-publish","4":"has-post-thumbnail","6":"product_cat-arrampicata","7":"product_cat-pareti-boulder","9":"first","10":"instock","11":"shipping-taxable","12":"purchasable","13":"product-type-simple"},"_links":{"self":[{"href":"https:\/\/verticaltechnik.ch\/it\/wp-json\/wp\/v2\/product\/48999","targetHints":{"allow":["GET"]}}],"collection":[{"href":"https:\/\/verticaltechnik.ch\/it\/wp-json\/wp\/v2\/product"}],"about":[{"href":"https:\/\/verticaltechnik.ch\/it\/wp-json\/wp\/v2\/types\/product"}],"wp:featuredmedia":[{"embeddable":true,"href":"https:\/\/verticaltechnik.ch\/it\/wp-json\/wp\/v2\/media\/42679"}],"wp:attachment":[{"href":"https:\/\/verticaltechnik.ch\/it\/wp-json\/wp\/v2\/media?parent=48999"}],"wp:term":[{"taxonomy":"product_brand","embeddable":true,"href":"https:\/\/verticaltechnik.ch\/it\/wp-json\/wp\/v2\/product_brand?post=48999"},{"taxonomy":"product_cat","embeddable":true,"href":"https:\/\/verticaltechnik.ch\/it\/wp-json\/wp\/v2\/product_cat?post=48999"},{"taxonomy":"product_tag","embeddable":true,"href":"https:\/\/verticaltechnik.ch\/it\/wp-json\/wp\/v2\/product_tag?post=48999"}],"curies":[{"name":"wp","href":"https:\/\/api.w.org\/{rel}","templated":true}]}}