{"id":49019,"date":"2025-08-28T10:42:08","date_gmt":"2025-08-28T10:42:08","guid":{"rendered":"https:\/\/newvt.verticaltechnik.ch\/product\/occasion-ringhiera-dritta-a-tubo-tondo-stile-navale-da-6m\/"},"modified":"2026-02-05T14:48:23","modified_gmt":"2026-02-05T14:48:23","slug":"occasion-ringhiera-dritta-a-tubo-tondo-stile-navale-da-6m","status":"publish","type":"product","link":"https:\/\/verticaltechnik.ch\/it\/prodotto\/occasion-ringhiera-dritta-a-tubo-tondo-stile-navale-da-6m\/","title":{"rendered":"Occasion: Ringhiera dritta a tubo tondo stile navale da 6m"},"content":{"rendered":"<p>Un rail o railslide serve a saltare sulla barra con un ollie e a scivolarci sopra. Si eseguono grind o slide posizionando lo skateboard in modo trasversale o longitudinale rispetto al rail. Mille trucchi e varianti possono essere eseguiti sul modulo. Dal semplice boardslide alla combinazione di pi\u00f9 trick, tutto \u00e8 possibile. Un railslide \u00e8 un modulo base che non pu\u00f2 mancare in nessuno skatepark. \u00c8 adatto a tutti i livelli di difficolt\u00e0.   <\/p>\n","protected":false},"excerpt":{"rendered":"<p>Un rail o railslide serve a saltare sulla barra con un ollie e a scivolarci sopra. Si eseguono grind o slide posizionando lo skateboard in modo trasversale o longitudinale rispetto&#8230;<\/p>\n","protected":false},"featured_media":57874,"template":"","meta":[],"product_brand":[],"product_cat":[12032],"product_tag":[],"class_list":{"0":"post-49019","1":"product","2":"type-product","3":"status-publish","4":"has-post-thumbnail","6":"product_cat-occasioni","8":"first","9":"instock","10":"shipping-taxable","11":"purchasable","12":"product-type-simple"},"_links":{"self":[{"href":"https:\/\/verticaltechnik.ch\/it\/wp-json\/wp\/v2\/product\/49019","targetHints":{"allow":["GET"]}}],"collection":[{"href":"https:\/\/verticaltechnik.ch\/it\/wp-json\/wp\/v2\/product"}],"about":[{"href":"https:\/\/verticaltechnik.ch\/it\/wp-json\/wp\/v2\/types\/product"}],"wp:featuredmedia":[{"embeddable":true,"href":"https:\/\/verticaltechnik.ch\/it\/wp-json\/wp\/v2\/media\/57874"}],"wp:attachment":[{"href":"https:\/\/verticaltechnik.ch\/it\/wp-json\/wp\/v2\/media?parent=49019"}],"wp:term":[{"taxonomy":"product_brand","embeddable":true,"href":"https:\/\/verticaltechnik.ch\/it\/wp-json\/wp\/v2\/product_brand?post=49019"},{"taxonomy":"product_cat","embeddable":true,"href":"https:\/\/verticaltechnik.ch\/it\/wp-json\/wp\/v2\/product_cat?post=49019"},{"taxonomy":"product_tag","embeddable":true,"href":"https:\/\/verticaltechnik.ch\/it\/wp-json\/wp\/v2\/product_tag?post=49019"}],"curies":[{"name":"wp","href":"https:\/\/api.w.org\/{rel}","templated":true}]}}