{"id":49105,"date":"2025-08-28T10:46:20","date_gmt":"2025-08-28T10:46:20","guid":{"rendered":"https:\/\/newvt.verticaltechnik.ch\/product\/supporto-per-2-pannelli-informativi-70x100-e-50x80-con-pannelli-informativi\/"},"modified":"2025-08-28T10:46:20","modified_gmt":"2025-08-28T10:46:20","slug":"supporto-per-2-pannelli-informativi-70x100-e-50x80-con-pannelli-informativi","status":"publish","type":"product","link":"https:\/\/verticaltechnik.ch\/it\/prodotto\/supporto-per-2-pannelli-informativi-70x100-e-50x80-con-pannelli-informativi\/","title":{"rendered":"Supporto per 2 pannelli informativi (70&#215;100 e 50&#215;80) con pannelli informativi"},"content":{"rendered":"<p>Questo supporto in acciaio zincato pu\u00f2 essere installato in qualsiasi luogo su asfalto o erba. In questo modo pu\u00f2 essere posizionato direttamente all&#8217;ingresso, dove sar\u00e0 visibile a ogni utente. Questo prodotto \u00e8 compatibile con K00748.  <\/p>\n","protected":false},"excerpt":{"rendered":"<p>Questo supporto in acciaio zincato pu\u00f2 essere installato in qualsiasi luogo su asfalto o erba. In questo modo pu\u00f2 essere posizionato direttamente all&#8217;ingresso, dove sar\u00e0 visibile a ogni utente. Questo&#8230;<\/p>\n","protected":false},"featured_media":42515,"template":"","meta":[],"product_brand":[],"product_cat":[11955],"product_tag":[],"class_list":{"0":"post-49105","1":"product","2":"type-product","3":"status-publish","4":"has-post-thumbnail","6":"product_cat-segnaletica","8":"first","9":"instock","10":"shipping-taxable","11":"purchasable","12":"product-type-simple"},"_links":{"self":[{"href":"https:\/\/verticaltechnik.ch\/it\/wp-json\/wp\/v2\/product\/49105","targetHints":{"allow":["GET"]}}],"collection":[{"href":"https:\/\/verticaltechnik.ch\/it\/wp-json\/wp\/v2\/product"}],"about":[{"href":"https:\/\/verticaltechnik.ch\/it\/wp-json\/wp\/v2\/types\/product"}],"wp:featuredmedia":[{"embeddable":true,"href":"https:\/\/verticaltechnik.ch\/it\/wp-json\/wp\/v2\/media\/42515"}],"wp:attachment":[{"href":"https:\/\/verticaltechnik.ch\/it\/wp-json\/wp\/v2\/media?parent=49105"}],"wp:term":[{"taxonomy":"product_brand","embeddable":true,"href":"https:\/\/verticaltechnik.ch\/it\/wp-json\/wp\/v2\/product_brand?post=49105"},{"taxonomy":"product_cat","embeddable":true,"href":"https:\/\/verticaltechnik.ch\/it\/wp-json\/wp\/v2\/product_cat?post=49105"},{"taxonomy":"product_tag","embeddable":true,"href":"https:\/\/verticaltechnik.ch\/it\/wp-json\/wp\/v2\/product_tag?post=49105"}],"curies":[{"name":"wp","href":"https:\/\/api.w.org\/{rel}","templated":true}]}}