{"id":49141,"date":"2025-08-28T09:48:54","date_gmt":"2025-08-28T09:48:54","guid":{"rendered":"https:\/\/newvt.verticaltechnik.ch\/product\/scatola-di-pandora-600-grande-24-m\/"},"modified":"2025-08-28T09:48:54","modified_gmt":"2025-08-28T09:48:54","slug":"scatola-di-pandora-600-grande-24-m","status":"publish","type":"product","link":"https:\/\/verticaltechnik.ch\/it\/prodotto\/scatola-di-pandora-600-grande-24-m\/","title":{"rendered":"Scatola di Pandora 600 grande 2,4 m"},"content":{"rendered":"<p>Il Box Pandora \u00e8 un modulo centrale con due livelli inclinati e una piattaforma intermedia. A seconda della variante, \u00e8 dotato di una parete e di binari. Un Vaso di Pandora pu\u00f2 essere sorvolato saltando dal primo piano inclinato, eseguendo un trucco in aria e atterrando poi sul secondo piano inclinato. Tuttavia, pu\u00f2 anche essere utilizzato per saltare dal primo piano inclinato su una parete o una rotaia ed eseguire un trucco su di essa. Poi atterri di nuovo sul secondo piano inclinato o a terra, a seconda della lunghezza della parete o della rotaia. Questo modulo richiede una distanza di circa 7 metri da un elemento di rincorsa, in modo che gli utenti abbiano abbastanza tempo per prepararsi a eseguire un numero. Questo prodotto \u00e8 compatibile con K00117 + + K00212 + K00215 + K00217 + K00219 + K00364 + K00222 + K00367 + K00224 + K00369.      <\/p>\n","protected":false},"excerpt":{"rendered":"<p>Il Box Pandora \u00e8 un modulo centrale con due livelli inclinati e una piattaforma intermedia. A seconda della variante, \u00e8 dotato di una parete e di binari. Un Vaso di&#8230;<\/p>\n","protected":false},"featured_media":44735,"template":"","meta":[],"product_brand":[],"product_cat":[11881],"product_tag":[],"class_list":{"0":"post-49141","1":"product","2":"type-product","3":"status-publish","4":"has-post-thumbnail","6":"product_cat-pandora-box-grande-modulo","8":"first","9":"instock","10":"shipping-taxable","11":"purchasable","12":"product-type-simple"},"_links":{"self":[{"href":"https:\/\/verticaltechnik.ch\/it\/wp-json\/wp\/v2\/product\/49141","targetHints":{"allow":["GET"]}}],"collection":[{"href":"https:\/\/verticaltechnik.ch\/it\/wp-json\/wp\/v2\/product"}],"about":[{"href":"https:\/\/verticaltechnik.ch\/it\/wp-json\/wp\/v2\/types\/product"}],"wp:featuredmedia":[{"embeddable":true,"href":"https:\/\/verticaltechnik.ch\/it\/wp-json\/wp\/v2\/media\/44735"}],"wp:attachment":[{"href":"https:\/\/verticaltechnik.ch\/it\/wp-json\/wp\/v2\/media?parent=49141"}],"wp:term":[{"taxonomy":"product_brand","embeddable":true,"href":"https:\/\/verticaltechnik.ch\/it\/wp-json\/wp\/v2\/product_brand?post=49141"},{"taxonomy":"product_cat","embeddable":true,"href":"https:\/\/verticaltechnik.ch\/it\/wp-json\/wp\/v2\/product_cat?post=49141"},{"taxonomy":"product_tag","embeddable":true,"href":"https:\/\/verticaltechnik.ch\/it\/wp-json\/wp\/v2\/product_tag?post=49141"}],"curies":[{"name":"wp","href":"https:\/\/api.w.org\/{rel}","templated":true}]}}