{"id":49145,"date":"2025-08-28T09:48:55","date_gmt":"2025-08-28T09:48:55","guid":{"rendered":"https:\/\/newvt.verticaltechnik.ch\/product\/piramide-600-a-3-lati-grande\/"},"modified":"2025-08-28T09:48:55","modified_gmt":"2025-08-28T09:48:55","slug":"piramide-600-a-3-lati-grande","status":"publish","type":"product","link":"https:\/\/verticaltechnik.ch\/it\/prodotto\/piramide-600-a-3-lati-grande\/","title":{"rendered":"Piramide 600 a 3 lati grande"},"content":{"rendered":"<p>La piramide \u00e8 un&#8217;estensione del vaso di Pandora. \u00c8 chiusa su tre lati e pu\u00f2 essere avvicinata da tutti i lati. Puoi saltarci sopra passando da un angolo ed eseguire trick come kick flip e fakie, cambiando la direzione di marcia di 90\u00b0. Tuttavia, puoi anche sorvolarlo in senso longitudinale come un vaso di Pandora o eseguire trucchi su pareti e binari. Questo prodotto \u00e8 compatibile con K00116.    <\/p>\n","protected":false},"excerpt":{"rendered":"<p>La piramide \u00e8 un&#8217;estensione del vaso di Pandora. \u00c8 chiusa su tre lati e pu\u00f2 essere avvicinata da tutti i lati. Puoi saltarci sopra passando da un angolo ed eseguire&#8230;<\/p>\n","protected":false},"featured_media":44731,"template":"","meta":[],"product_brand":[],"product_cat":[11881],"product_tag":[],"class_list":{"0":"post-49145","1":"product","2":"type-product","3":"status-publish","4":"has-post-thumbnail","6":"product_cat-pandora-box-grande-modulo","8":"first","9":"instock","10":"shipping-taxable","11":"purchasable","12":"product-type-simple"},"_links":{"self":[{"href":"https:\/\/verticaltechnik.ch\/it\/wp-json\/wp\/v2\/product\/49145","targetHints":{"allow":["GET"]}}],"collection":[{"href":"https:\/\/verticaltechnik.ch\/it\/wp-json\/wp\/v2\/product"}],"about":[{"href":"https:\/\/verticaltechnik.ch\/it\/wp-json\/wp\/v2\/types\/product"}],"wp:featuredmedia":[{"embeddable":true,"href":"https:\/\/verticaltechnik.ch\/it\/wp-json\/wp\/v2\/media\/44731"}],"wp:attachment":[{"href":"https:\/\/verticaltechnik.ch\/it\/wp-json\/wp\/v2\/media?parent=49145"}],"wp:term":[{"taxonomy":"product_brand","embeddable":true,"href":"https:\/\/verticaltechnik.ch\/it\/wp-json\/wp\/v2\/product_brand?post=49145"},{"taxonomy":"product_cat","embeddable":true,"href":"https:\/\/verticaltechnik.ch\/it\/wp-json\/wp\/v2\/product_cat?post=49145"},{"taxonomy":"product_tag","embeddable":true,"href":"https:\/\/verticaltechnik.ch\/it\/wp-json\/wp\/v2\/product_tag?post=49145"}],"curies":[{"name":"wp","href":"https:\/\/api.w.org\/{rel}","templated":true}]}}