{"id":49163,"date":"2025-08-28T09:48:48","date_gmt":"2025-08-28T09:48:48","guid":{"rendered":"https:\/\/newvt.verticaltechnik.ch\/product\/pandora-box-600-big-x-2-ledge-rail-f\/"},"modified":"2025-08-28T09:48:48","modified_gmt":"2025-08-28T09:48:48","slug":"pandora-box-600-big-x-2-ledge-rail-f","status":"publish","type":"product","link":"https:\/\/verticaltechnik.ch\/it\/prodotto\/pandora-box-600-big-x-2-ledge-rail-f\/","title":{"rendered":"Pandora Box 600 Big x 2 + Ledge + Rail F"},"content":{"rendered":"<p>La Pandora Box \u00e8 un modulo centrale con due piani inclinati e una piattaforma in mezzo. A seconda della variante, \u00e8 dotata di un muro e di rail. Una Pandora Box pu\u00f2 essere sorvolata saltando dal primo piano inclinato, facendo un trick in aria e atterrando successivamente sul secondo piano inclinato. Pu\u00f2 per\u00f2 anche essere usata per saltare dal primo piano inclinato su un muro o un rail ed eseguire un trick su di esso. Dopo si atterra di nuovo sul secondo piano inclinato o a terra, a seconda della lunghezza del muro o del rail. Questo modulo richiede circa 7 metri di distanza da un elemento di rincorsa, affinch\u00e9 gli utenti abbiano tempo sufficiente per prepararsi a un trick.<br \/>\nLedge: Una ledge \u00e8 un muro che viene usato per eseguire grind e slide. Le ledge vengono installate su una Pandora Box o una piramide.<br \/>\nRail: Un rail serve per saltare sulla barra con un ollie e scivolarci sopra. Si eseguono grind o slide posizionando lo skateboard trasversalmente o longitudinalmente rispetto al rail. Migliaia di trick e varianti possono essere eseguiti su di esso. Dal semplice boardslide alla combinazione di pi\u00f9 trick, tutto \u00e8 possibile.<br \/>\nQuesto prodotto \u00e8 compatibile con:<br \/>\nK00117 Enclosure for Pandora Box 600 Big.         <\/p>\n","protected":false},"excerpt":{"rendered":"<p>La Pandora Box \u00e8 un modulo centrale con due piani inclinati e una piattaforma in mezzo. A seconda della variante, \u00e8 dotata di un muro e di rail. Una Pandora&#8230;<\/p>\n","protected":false},"featured_media":44759,"template":"","meta":[],"product_brand":[],"product_cat":[12046],"product_tag":[],"class_list":{"0":"post-49163","1":"product","2":"type-product","3":"status-publish","4":"has-post-thumbnail","6":"product_cat-pandora-box-grande","8":"first","9":"instock","10":"shipping-taxable","11":"purchasable","12":"product-type-simple"},"_links":{"self":[{"href":"https:\/\/verticaltechnik.ch\/it\/wp-json\/wp\/v2\/product\/49163","targetHints":{"allow":["GET"]}}],"collection":[{"href":"https:\/\/verticaltechnik.ch\/it\/wp-json\/wp\/v2\/product"}],"about":[{"href":"https:\/\/verticaltechnik.ch\/it\/wp-json\/wp\/v2\/types\/product"}],"wp:featuredmedia":[{"embeddable":true,"href":"https:\/\/verticaltechnik.ch\/it\/wp-json\/wp\/v2\/media\/44759"}],"wp:attachment":[{"href":"https:\/\/verticaltechnik.ch\/it\/wp-json\/wp\/v2\/media?parent=49163"}],"wp:term":[{"taxonomy":"product_brand","embeddable":true,"href":"https:\/\/verticaltechnik.ch\/it\/wp-json\/wp\/v2\/product_brand?post=49163"},{"taxonomy":"product_cat","embeddable":true,"href":"https:\/\/verticaltechnik.ch\/it\/wp-json\/wp\/v2\/product_cat?post=49163"},{"taxonomy":"product_tag","embeddable":true,"href":"https:\/\/verticaltechnik.ch\/it\/wp-json\/wp\/v2\/product_tag?post=49163"}],"curies":[{"name":"wp","href":"https:\/\/api.w.org\/{rel}","templated":true}]}}