{"id":49170,"date":"2025-08-28T09:48:39","date_gmt":"2025-08-28T09:48:39","guid":{"rendered":"https:\/\/newvt.verticaltechnik.ch\/product\/pandora-box-600-big-x-2-rail-r-2\/"},"modified":"2025-08-28T09:48:39","modified_gmt":"2025-08-28T09:48:39","slug":"pandora-box-600-big-x-2-rail-r-2","status":"publish","type":"product","link":"https:\/\/verticaltechnik.ch\/it\/prodotto\/pandora-box-600-big-x-2-rail-r-2\/","title":{"rendered":"Pandora Box 600 Big x 2 + Rail R"},"content":{"rendered":"<p>La Pandora Box \u00e8 un modulo centrale con due piani inclinati e una piattaforma in mezzo. A seconda della variante, \u00e8 dotata di un muro e di rail. Una Pandora Box pu\u00f2 essere sorvolata saltando sul primo piano inclinato, eseguendo un trick in aria e atterrando poi sul secondo piano inclinato. Tuttavia, pu\u00f2 anche essere utilizzata per saltare dal primo piano inclinato su un muro o un rail ed eseguire un trick su di esso. Successivamente, si atterra di nuovo sul secondo piano inclinato o a terra, a seconda della lunghezza del muro o del rail. Questo modulo necessita di circa 7 metri di distanza da un elemento di partenza, in modo che gli utenti abbiano abbastanza tempo per prepararsi a un trick.<br \/>\nRail: Un rail serve per saltare con un ollie sulla barra e scivolare lungo di essa. Si eseguono grind o slide, con lo skateboard posizionato trasversalmente o longitudinalmente rispetto al rail. Si possono eseguire migliaia di trick e varianti. Dal semplice boardslide alla combinazione di pi\u00f9 trick, tutto \u00e8 possibile.<br \/>\nQuesto prodotto \u00e8 compatibile con:<br \/>\nK00117 Enclosure for Pandora Box 600 Big.        <\/p>\n","protected":false},"excerpt":{"rendered":"<p>La Pandora Box \u00e8 un modulo centrale con due piani inclinati e una piattaforma in mezzo. A seconda della variante, \u00e8 dotata di un muro e di rail. Una Pandora&#8230;<\/p>\n","protected":false},"featured_media":44771,"template":"","meta":[],"product_brand":[],"product_cat":[12046],"product_tag":[],"class_list":{"0":"post-49170","1":"product","2":"type-product","3":"status-publish","4":"has-post-thumbnail","6":"product_cat-pandora-box-grande","8":"first","9":"instock","10":"shipping-taxable","11":"purchasable","12":"product-type-simple"},"_links":{"self":[{"href":"https:\/\/verticaltechnik.ch\/it\/wp-json\/wp\/v2\/product\/49170","targetHints":{"allow":["GET"]}}],"collection":[{"href":"https:\/\/verticaltechnik.ch\/it\/wp-json\/wp\/v2\/product"}],"about":[{"href":"https:\/\/verticaltechnik.ch\/it\/wp-json\/wp\/v2\/types\/product"}],"wp:featuredmedia":[{"embeddable":true,"href":"https:\/\/verticaltechnik.ch\/it\/wp-json\/wp\/v2\/media\/44771"}],"wp:attachment":[{"href":"https:\/\/verticaltechnik.ch\/it\/wp-json\/wp\/v2\/media?parent=49170"}],"wp:term":[{"taxonomy":"product_brand","embeddable":true,"href":"https:\/\/verticaltechnik.ch\/it\/wp-json\/wp\/v2\/product_brand?post=49170"},{"taxonomy":"product_cat","embeddable":true,"href":"https:\/\/verticaltechnik.ch\/it\/wp-json\/wp\/v2\/product_cat?post=49170"},{"taxonomy":"product_tag","embeddable":true,"href":"https:\/\/verticaltechnik.ch\/it\/wp-json\/wp\/v2\/product_tag?post=49170"}],"curies":[{"name":"wp","href":"https:\/\/api.w.org\/{rel}","templated":true}]}}