{"id":49202,"date":"2025-08-28T09:46:43","date_gmt":"2025-08-28T09:46:43","guid":{"rendered":"https:\/\/newvt.verticaltechnik.ch\/product\/piramide-600-a-3-lati\/"},"modified":"2025-08-28T09:46:43","modified_gmt":"2025-08-28T09:46:43","slug":"piramide-600-a-3-lati","status":"publish","type":"product","link":"https:\/\/verticaltechnik.ch\/it\/prodotto\/piramide-600-a-3-lati\/","title":{"rendered":"Piramide 600 a 3 lati"},"content":{"rendered":"<p>La Piramide \u00e8 un&#8217;estensione di una Pandora Box. \u00c8 chiusa su tre lati e pu\u00f2 essere affrontata da tutte le direzioni. Si pu\u00f2 saltare un angolo ed eseguire trick come i Kick Flips to Fakie, cambiando cos\u00ec la direzione di marcia di 90\u00b0. Tuttavia, si pu\u00f2 anche sorvolare la Piramide longitudinalmente come una Pandora Box o eseguire trick su muri e rail. Questo prodotto \u00e8 compatibile con K00114.    <\/p>\n","protected":false},"excerpt":{"rendered":"<p>La Piramide \u00e8 un&#8217;estensione di una Pandora Box. \u00c8 chiusa su tre lati e pu\u00f2 essere affrontata da tutte le direzioni. Si pu\u00f2 saltare un angolo ed eseguire trick come&#8230;<\/p>\n","protected":false},"featured_media":44827,"template":"","meta":[],"product_brand":[],"product_cat":[12052],"product_tag":[],"class_list":{"0":"post-49202","1":"product","2":"type-product","3":"status-publish","4":"has-post-thumbnail","6":"product_cat-modulo-pandora-box","8":"first","9":"instock","10":"shipping-taxable","11":"purchasable","12":"product-type-simple"},"_links":{"self":[{"href":"https:\/\/verticaltechnik.ch\/it\/wp-json\/wp\/v2\/product\/49202","targetHints":{"allow":["GET"]}}],"collection":[{"href":"https:\/\/verticaltechnik.ch\/it\/wp-json\/wp\/v2\/product"}],"about":[{"href":"https:\/\/verticaltechnik.ch\/it\/wp-json\/wp\/v2\/types\/product"}],"wp:featuredmedia":[{"embeddable":true,"href":"https:\/\/verticaltechnik.ch\/it\/wp-json\/wp\/v2\/media\/44827"}],"wp:attachment":[{"href":"https:\/\/verticaltechnik.ch\/it\/wp-json\/wp\/v2\/media?parent=49202"}],"wp:term":[{"taxonomy":"product_brand","embeddable":true,"href":"https:\/\/verticaltechnik.ch\/it\/wp-json\/wp\/v2\/product_brand?post=49202"},{"taxonomy":"product_cat","embeddable":true,"href":"https:\/\/verticaltechnik.ch\/it\/wp-json\/wp\/v2\/product_cat?post=49202"},{"taxonomy":"product_tag","embeddable":true,"href":"https:\/\/verticaltechnik.ch\/it\/wp-json\/wp\/v2\/product_tag?post=49202"}],"curies":[{"name":"wp","href":"https:\/\/api.w.org\/{rel}","templated":true}]}}