{"id":49204,"date":"2025-08-28T09:46:31","date_gmt":"2025-08-28T09:46:31","guid":{"rendered":"https:\/\/newvt.verticaltechnik.ch\/product\/pandora-box-step-up-2500\/"},"modified":"2026-02-04T14:28:57","modified_gmt":"2026-02-04T14:28:57","slug":"pandora-box-step-up-2500","status":"publish","type":"product","link":"https:\/\/verticaltechnik.ch\/it\/prodotto\/pandora-box-step-up-2500\/","title":{"rendered":"Pandora Box Step Up 2500"},"content":{"rendered":"<p>La Pandora Box Step Up 2500 \u00e8 un modulo centrale con due curve e una piattaforma in mezzo. La piattaforma \u00e8 inclinata verso l&#8217;alto per consentire atterraggi elevati. Alla fine \u00e8 integrato un raggio che ammortizza delicatamente gli atterraggi ravvicinati. La geometria \u00e8 progettata per i rider di monopattino e BMX. La Pandora Box Step Up 2500 pu\u00f2 essere sorvolata saltando dalla prima curva, eseguendo un trick in aria e atterrando poi nella curva opposta. Questo modulo richiede una distanza di almeno 7 metri da un elemento di rincorsa, in modo che gli utenti abbiano tempo sufficiente per prepararsi a un trick. Questo prodotto \u00e8 compatibile con K00568.       <\/p>\n","protected":false},"excerpt":{"rendered":"<p>La Pandora Box Step Up 2500 \u00e8 un modulo centrale con due curve e una piattaforma in mezzo. La piattaforma \u00e8 inclinata verso l&#8217;alto per consentire atterraggi elevati. Alla fine&#8230;<\/p>\n","protected":false},"featured_media":44875,"template":"","meta":[],"product_brand":[],"product_cat":[12053],"product_tag":[],"class_list":{"0":"post-49204","1":"product","2":"type-product","3":"status-publish","4":"has-post-thumbnail","6":"product_cat-pandora-box-bmx","8":"first","9":"instock","10":"shipping-taxable","11":"purchasable","12":"product-type-simple"},"_links":{"self":[{"href":"https:\/\/verticaltechnik.ch\/it\/wp-json\/wp\/v2\/product\/49204","targetHints":{"allow":["GET"]}}],"collection":[{"href":"https:\/\/verticaltechnik.ch\/it\/wp-json\/wp\/v2\/product"}],"about":[{"href":"https:\/\/verticaltechnik.ch\/it\/wp-json\/wp\/v2\/types\/product"}],"wp:featuredmedia":[{"embeddable":true,"href":"https:\/\/verticaltechnik.ch\/it\/wp-json\/wp\/v2\/media\/44875"}],"wp:attachment":[{"href":"https:\/\/verticaltechnik.ch\/it\/wp-json\/wp\/v2\/media?parent=49204"}],"wp:term":[{"taxonomy":"product_brand","embeddable":true,"href":"https:\/\/verticaltechnik.ch\/it\/wp-json\/wp\/v2\/product_brand?post=49204"},{"taxonomy":"product_cat","embeddable":true,"href":"https:\/\/verticaltechnik.ch\/it\/wp-json\/wp\/v2\/product_cat?post=49204"},{"taxonomy":"product_tag","embeddable":true,"href":"https:\/\/verticaltechnik.ch\/it\/wp-json\/wp\/v2\/product_tag?post=49204"}],"curies":[{"name":"wp","href":"https:\/\/api.w.org\/{rel}","templated":true}]}}