{"id":49207,"date":"2025-08-28T09:46:42","date_gmt":"2025-08-28T09:46:42","guid":{"rendered":"https:\/\/newvt.verticaltechnik.ch\/product\/pandora-box-600-15-m\/"},"modified":"2025-08-28T09:46:42","modified_gmt":"2025-08-28T09:46:42","slug":"pandora-box-600-15-m","status":"publish","type":"product","link":"https:\/\/verticaltechnik.ch\/it\/prodotto\/pandora-box-600-15-m\/","title":{"rendered":"Pandora Box 600 1,5 m"},"content":{"rendered":"<p>La Pandora Box \u00e8 un modulo centrale con due piani inclinati e una piattaforma in mezzo. A seconda della variante, \u00e8 dotata di un muro e di rail. Una Pandora Box pu\u00f2 essere sorvolata saltando dal primo piano inclinato, eseguendo un trick in aria e atterrando sul secondo piano inclinato. Pu\u00f2 anche essere usata per saltare dal primo piano inclinato su un muro o un rail ed eseguire un trick su di esso. Dopodich\u00e9 si atterra di nuovo sul secondo piano inclinato o a terra, a seconda della lunghezza del muro o del rail. Questo modulo richiede circa 7 metri di distanza da un elemento di rincorsa, in modo che gli utenti abbiano tempo sufficiente per prepararsi a un trick. Questo prodotto \u00e8 compatibile con K00115 + K00211 + K00213 + K00214 + K00216 + K00218 + K00363 + K00220 + K00365 + K00221 + K00366 + K00223 + K00368.      <\/p>\n","protected":false},"excerpt":{"rendered":"<p>La Pandora Box \u00e8 un modulo centrale con due piani inclinati e una piattaforma in mezzo. A seconda della variante, \u00e8 dotata di un muro e di rail. Una Pandora&#8230;<\/p>\n","protected":false},"featured_media":44831,"template":"","meta":[],"product_brand":[],"product_cat":[12052],"product_tag":[],"class_list":{"0":"post-49207","1":"product","2":"type-product","3":"status-publish","4":"has-post-thumbnail","6":"product_cat-modulo-pandora-box","8":"first","9":"instock","10":"shipping-taxable","11":"purchasable","12":"product-type-simple"},"_links":{"self":[{"href":"https:\/\/verticaltechnik.ch\/it\/wp-json\/wp\/v2\/product\/49207","targetHints":{"allow":["GET"]}}],"collection":[{"href":"https:\/\/verticaltechnik.ch\/it\/wp-json\/wp\/v2\/product"}],"about":[{"href":"https:\/\/verticaltechnik.ch\/it\/wp-json\/wp\/v2\/types\/product"}],"wp:featuredmedia":[{"embeddable":true,"href":"https:\/\/verticaltechnik.ch\/it\/wp-json\/wp\/v2\/media\/44831"}],"wp:attachment":[{"href":"https:\/\/verticaltechnik.ch\/it\/wp-json\/wp\/v2\/media?parent=49207"}],"wp:term":[{"taxonomy":"product_brand","embeddable":true,"href":"https:\/\/verticaltechnik.ch\/it\/wp-json\/wp\/v2\/product_brand?post=49207"},{"taxonomy":"product_cat","embeddable":true,"href":"https:\/\/verticaltechnik.ch\/it\/wp-json\/wp\/v2\/product_cat?post=49207"},{"taxonomy":"product_tag","embeddable":true,"href":"https:\/\/verticaltechnik.ch\/it\/wp-json\/wp\/v2\/product_tag?post=49207"}],"curies":[{"name":"wp","href":"https:\/\/api.w.org\/{rel}","templated":true}]}}