{"id":49210,"date":"2025-08-28T09:46:24","date_gmt":"2025-08-28T09:46:24","guid":{"rendered":"https:\/\/newvt.verticaltechnik.ch\/product\/pandora-box-scooter-step-up-1500-2-64m\/"},"modified":"2025-08-28T09:46:24","modified_gmt":"2025-08-28T09:46:24","slug":"pandora-box-scooter-step-up-1500-2-64m","status":"publish","type":"product","link":"https:\/\/verticaltechnik.ch\/it\/prodotto\/pandora-box-scooter-step-up-1500-2-64m\/","title":{"rendered":"Pandora Box Scooter Step Up 1500 2.64m"},"content":{"rendered":"<p>La Pandora Box Scooter Step Up 1500 \u00e8 un modulo centrale con due curve e una piattaforma in mezzo. La piattaforma \u00e8 inclinata verso l&#8217;alto per consentire atterraggi elevati. Alla fine \u00e8 integrato un raggio che ammortizza dolcemente gli atterraggi ravvicinati. La geometria \u00e8 progettata per scooter e ciclisti BMX. La Pandora Box Step Up 1500 pu\u00f2 essere sorvolata saltando dalla prima curva, eseguendo un trick in aria e atterrando nella curva opposta. Questo modulo richiede almeno 7 metri di distanza da un elemento di rincorsa, in modo che gli utenti abbiano tempo sufficiente per prepararsi a un trick. Questo prodotto \u00e8 compatibile con K00586.       <\/p>\n","protected":false},"excerpt":{"rendered":"<p>La Pandora Box Scooter Step Up 1500 \u00e8 un modulo centrale con due curve e una piattaforma in mezzo. La piattaforma \u00e8 inclinata verso l&#8217;alto per consentire atterraggi elevati. Alla&#8230;<\/p>\n","protected":false},"featured_media":44879,"template":"","meta":[],"product_brand":[],"product_cat":[12053],"product_tag":[],"class_list":{"0":"post-49210","1":"product","2":"type-product","3":"status-publish","4":"has-post-thumbnail","6":"product_cat-pandora-box-bmx","8":"first","9":"instock","10":"shipping-taxable","11":"purchasable","12":"product-type-simple"},"_links":{"self":[{"href":"https:\/\/verticaltechnik.ch\/it\/wp-json\/wp\/v2\/product\/49210","targetHints":{"allow":["GET"]}}],"collection":[{"href":"https:\/\/verticaltechnik.ch\/it\/wp-json\/wp\/v2\/product"}],"about":[{"href":"https:\/\/verticaltechnik.ch\/it\/wp-json\/wp\/v2\/types\/product"}],"wp:featuredmedia":[{"embeddable":true,"href":"https:\/\/verticaltechnik.ch\/it\/wp-json\/wp\/v2\/media\/44879"}],"wp:attachment":[{"href":"https:\/\/verticaltechnik.ch\/it\/wp-json\/wp\/v2\/media?parent=49210"}],"wp:term":[{"taxonomy":"product_brand","embeddable":true,"href":"https:\/\/verticaltechnik.ch\/it\/wp-json\/wp\/v2\/product_brand?post=49210"},{"taxonomy":"product_cat","embeddable":true,"href":"https:\/\/verticaltechnik.ch\/it\/wp-json\/wp\/v2\/product_cat?post=49210"},{"taxonomy":"product_tag","embeddable":true,"href":"https:\/\/verticaltechnik.ch\/it\/wp-json\/wp\/v2\/product_tag?post=49210"}],"curies":[{"name":"wp","href":"https:\/\/api.w.org\/{rel}","templated":true}]}}