{"id":49213,"date":"2025-08-28T09:45:39","date_gmt":"2025-08-28T09:45:39","guid":{"rendered":"https:\/\/newvt.verticaltechnik.ch\/product\/pandora-box-1400-bmx-24-m\/"},"modified":"2025-08-28T09:45:39","modified_gmt":"2025-08-28T09:45:39","slug":"pandora-box-1400-bmx-24-m","status":"publish","type":"product","link":"https:\/\/verticaltechnik.ch\/it\/prodotto\/pandora-box-1400-bmx-24-m\/","title":{"rendered":"Pandora Box 1400 BMX 2,4 m"},"content":{"rendered":"<p>La Pandora Box 1400 BMX \u00e8 un modulo centrale con un piano inclinato e una curva con una piattaforma intermedia. La geometria \u00e8 studiata per i rider BMX. La Pandora Box 1400 BMX pu\u00f2 essere affrontata in volo saltando dalla curva, eseguendo un trick in aria e atterrando successivamente sul piano inclinato. Questo modulo richiede una distanza minima di 7 metri da un elemento di rincorsa, affinch\u00e9 gli utenti abbiano tempo sufficiente per prepararsi a un trick. Questo prodotto \u00e8 compatibile con K00121.    <\/p>\n","protected":false},"excerpt":{"rendered":"<p>La Pandora Box 1400 BMX \u00e8 un modulo centrale con un piano inclinato e una curva con una piattaforma intermedia. La geometria \u00e8 studiata per i rider BMX. La Pandora&#8230;<\/p>\n","protected":false},"featured_media":44883,"template":"","meta":[],"product_brand":[],"product_cat":[12053],"product_tag":[],"class_list":{"0":"post-49213","1":"product","2":"type-product","3":"status-publish","4":"has-post-thumbnail","6":"product_cat-pandora-box-bmx","8":"first","9":"instock","10":"shipping-taxable","11":"purchasable","12":"product-type-simple"},"_links":{"self":[{"href":"https:\/\/verticaltechnik.ch\/it\/wp-json\/wp\/v2\/product\/49213","targetHints":{"allow":["GET"]}}],"collection":[{"href":"https:\/\/verticaltechnik.ch\/it\/wp-json\/wp\/v2\/product"}],"about":[{"href":"https:\/\/verticaltechnik.ch\/it\/wp-json\/wp\/v2\/types\/product"}],"wp:featuredmedia":[{"embeddable":true,"href":"https:\/\/verticaltechnik.ch\/it\/wp-json\/wp\/v2\/media\/44883"}],"wp:attachment":[{"href":"https:\/\/verticaltechnik.ch\/it\/wp-json\/wp\/v2\/media?parent=49213"}],"wp:term":[{"taxonomy":"product_brand","embeddable":true,"href":"https:\/\/verticaltechnik.ch\/it\/wp-json\/wp\/v2\/product_brand?post=49213"},{"taxonomy":"product_cat","embeddable":true,"href":"https:\/\/verticaltechnik.ch\/it\/wp-json\/wp\/v2\/product_cat?post=49213"},{"taxonomy":"product_tag","embeddable":true,"href":"https:\/\/verticaltechnik.ch\/it\/wp-json\/wp\/v2\/product_tag?post=49213"}],"curies":[{"name":"wp","href":"https:\/\/api.w.org\/{rel}","templated":true}]}}