{"id":49247,"date":"2025-08-28T09:58:47","date_gmt":"2025-08-28T09:58:47","guid":{"rendered":"https:\/\/newvt.verticaltechnik.ch\/product\/bank-800-45-4m\/"},"modified":"2025-08-28T09:58:47","modified_gmt":"2025-08-28T09:58:47","slug":"bank-800-45-4m","status":"publish","type":"product","link":"https:\/\/verticaltechnik.ch\/it\/prodotto\/bank-800-45-4m\/","title":{"rendered":"Bank 800 45\u00b0 4m"},"content":{"rendered":"<p>Una Bank 800 45\u00b0 \u00e8 una bank ripida su cui si possono fare tailslide e boardslide. \u00c8 particolarmente interessante in combinazione con una Roof Box, perch\u00e9 permette di realizzare molte combinazioni di trick.  <\/p>\n","protected":false},"excerpt":{"rendered":"<p>Una Bank 800 45\u00b0 \u00e8 una bank ripida su cui si possono fare tailslide e boardslide. \u00c8 particolarmente interessante in combinazione con una Roof Box, perch\u00e9 permette di realizzare molte&#8230;<\/p>\n","protected":false},"featured_media":44267,"template":"","meta":[],"product_brand":[],"product_cat":[12068],"product_tag":[],"class_list":{"0":"post-49247","1":"product","2":"type-product","3":"status-publish","4":"has-post-thumbnail","6":"product_cat-moduli-skate-plaza","8":"first","9":"instock","10":"shipping-taxable","11":"purchasable","12":"product-type-simple"},"_links":{"self":[{"href":"https:\/\/verticaltechnik.ch\/it\/wp-json\/wp\/v2\/product\/49247","targetHints":{"allow":["GET"]}}],"collection":[{"href":"https:\/\/verticaltechnik.ch\/it\/wp-json\/wp\/v2\/product"}],"about":[{"href":"https:\/\/verticaltechnik.ch\/it\/wp-json\/wp\/v2\/types\/product"}],"wp:featuredmedia":[{"embeddable":true,"href":"https:\/\/verticaltechnik.ch\/it\/wp-json\/wp\/v2\/media\/44267"}],"wp:attachment":[{"href":"https:\/\/verticaltechnik.ch\/it\/wp-json\/wp\/v2\/media?parent=49247"}],"wp:term":[{"taxonomy":"product_brand","embeddable":true,"href":"https:\/\/verticaltechnik.ch\/it\/wp-json\/wp\/v2\/product_brand?post=49247"},{"taxonomy":"product_cat","embeddable":true,"href":"https:\/\/verticaltechnik.ch\/it\/wp-json\/wp\/v2\/product_cat?post=49247"},{"taxonomy":"product_tag","embeddable":true,"href":"https:\/\/verticaltechnik.ch\/it\/wp-json\/wp\/v2\/product_tag?post=49247"}],"curies":[{"name":"wp","href":"https:\/\/api.w.org\/{rel}","templated":true}]}}