{"id":49392,"date":"2025-08-28T09:55:23","date_gmt":"2025-08-28T09:55:23","guid":{"rendered":"https:\/\/newvt.verticaltechnik.ch\/product\/rail-2-2-up-down-600-r\/"},"modified":"2025-08-28T09:55:23","modified_gmt":"2025-08-28T09:55:23","slug":"rail-2-2-up-down-600-r","status":"publish","type":"product","link":"https:\/\/verticaltechnik.ch\/it\/prodotto\/rail-2-2-up-down-600-r\/","title":{"rendered":"Rail 2\/2 up-down 600 R"},"content":{"rendered":"<p>Un corrimano su e gi\u00f9 \u00e8 un corrimano utilizzato per eseguire grind e slide. I corrimano su e gi\u00f9 vengono installati su una roof box. Questo prodotto \u00e8 compatibile con:<br \/>\nK00128 Roof Box 600 1.32m,<br \/>\nK00136 Roof Box 600 2.4m.  <\/p>\n","protected":false},"excerpt":{"rendered":"<p>Un corrimano su e gi\u00f9 \u00e8 un corrimano utilizzato per eseguire grind e slide. I corrimano su e gi\u00f9 vengono installati su una roof box. Questo prodotto \u00e8 compatibile con:&#8230;<\/p>\n","protected":false},"featured_media":44451,"template":"","meta":[],"product_brand":[],"product_cat":[12117],"product_tag":[],"class_list":{"0":"post-49392","1":"product","2":"type-product","3":"status-publish","4":"has-post-thumbnail","6":"product_cat-modulo-box-da-tetto-600","8":"first","9":"instock","10":"shipping-taxable","11":"purchasable","12":"product-type-simple"},"_links":{"self":[{"href":"https:\/\/verticaltechnik.ch\/it\/wp-json\/wp\/v2\/product\/49392","targetHints":{"allow":["GET"]}}],"collection":[{"href":"https:\/\/verticaltechnik.ch\/it\/wp-json\/wp\/v2\/product"}],"about":[{"href":"https:\/\/verticaltechnik.ch\/it\/wp-json\/wp\/v2\/types\/product"}],"wp:featuredmedia":[{"embeddable":true,"href":"https:\/\/verticaltechnik.ch\/it\/wp-json\/wp\/v2\/media\/44451"}],"wp:attachment":[{"href":"https:\/\/verticaltechnik.ch\/it\/wp-json\/wp\/v2\/media?parent=49392"}],"wp:term":[{"taxonomy":"product_brand","embeddable":true,"href":"https:\/\/verticaltechnik.ch\/it\/wp-json\/wp\/v2\/product_brand?post=49392"},{"taxonomy":"product_cat","embeddable":true,"href":"https:\/\/verticaltechnik.ch\/it\/wp-json\/wp\/v2\/product_cat?post=49392"},{"taxonomy":"product_tag","embeddable":true,"href":"https:\/\/verticaltechnik.ch\/it\/wp-json\/wp\/v2\/product_tag?post=49392"}],"curies":[{"name":"wp","href":"https:\/\/api.w.org\/{rel}","templated":true}]}}