{"id":49403,"date":"2025-08-28T09:54:25","date_gmt":"2025-08-28T09:54:25","guid":{"rendered":"https:\/\/newvt.verticaltechnik.ch\/product\/roof-box-600-132-m\/"},"modified":"2025-08-28T09:54:25","modified_gmt":"2025-08-28T09:54:25","slug":"roof-box-600-132-m","status":"publish","type":"product","link":"https:\/\/verticaltechnik.ch\/it\/prodotto\/roof-box-600-132-m\/","title":{"rendered":"Roof Box 600 1,32 m"},"content":{"rendered":"<p>La Roof Box \u00e8 un modulo centrale con due piani inclinati. A seconda della variante, \u00e8 dotata di un muro e di un rail. Una Roof Box pu\u00f2 essere superata saltando dal primo piano inclinato, eseguendo un trick in aria e atterrando sul secondo piano inclinato. Tuttavia, pu\u00f2 anche essere usata per saltare dal primo piano inclinato su un muro o un rail ed eseguire un trick. Dopodich\u00e9, si atterra a terra, a seconda della lunghezza del muro o del rail. Questo modulo richiede circa 7 metri di distanza da un elemento di rincorsa, in modo che gli utenti abbiano tempo sufficiente per prepararsi a un trick. Questo prodotto \u00e8 compatibile con K00129 + K00135 + K00210.      <\/p>\n","protected":false},"excerpt":{"rendered":"<p>La Roof Box \u00e8 un modulo centrale con due piani inclinati. A seconda della variante, \u00e8 dotata di un muro e di un rail. Una Roof Box pu\u00f2 essere superata&#8230;<\/p>\n","protected":false},"featured_media":44463,"template":"","meta":[],"product_brand":[],"product_cat":[12117],"product_tag":[],"class_list":{"0":"post-49403","1":"product","2":"type-product","3":"status-publish","4":"has-post-thumbnail","6":"product_cat-modulo-box-da-tetto-600","8":"first","9":"instock","10":"shipping-taxable","11":"purchasable","12":"product-type-simple"},"_links":{"self":[{"href":"https:\/\/verticaltechnik.ch\/it\/wp-json\/wp\/v2\/product\/49403","targetHints":{"allow":["GET"]}}],"collection":[{"href":"https:\/\/verticaltechnik.ch\/it\/wp-json\/wp\/v2\/product"}],"about":[{"href":"https:\/\/verticaltechnik.ch\/it\/wp-json\/wp\/v2\/types\/product"}],"wp:featuredmedia":[{"embeddable":true,"href":"https:\/\/verticaltechnik.ch\/it\/wp-json\/wp\/v2\/media\/44463"}],"wp:attachment":[{"href":"https:\/\/verticaltechnik.ch\/it\/wp-json\/wp\/v2\/media?parent=49403"}],"wp:term":[{"taxonomy":"product_brand","embeddable":true,"href":"https:\/\/verticaltechnik.ch\/it\/wp-json\/wp\/v2\/product_brand?post=49403"},{"taxonomy":"product_cat","embeddable":true,"href":"https:\/\/verticaltechnik.ch\/it\/wp-json\/wp\/v2\/product_cat?post=49403"},{"taxonomy":"product_tag","embeddable":true,"href":"https:\/\/verticaltechnik.ch\/it\/wp-json\/wp\/v2\/product_tag?post=49403"}],"curies":[{"name":"wp","href":"https:\/\/api.w.org\/{rel}","templated":true}]}}