{"id":49426,"date":"2025-08-28T10:08:40","date_gmt":"2025-08-28T10:08:40","guid":{"rendered":"https:\/\/newvt.verticaltechnik.ch\/product\/right-extension-500-3m\/"},"modified":"2025-08-28T10:08:40","modified_gmt":"2025-08-28T10:08:40","slug":"right-extension-500-3m","status":"publish","type":"product","link":"https:\/\/verticaltechnik.ch\/it\/prodotto\/right-extension-500-3m\/","title":{"rendered":"Right Extension 500 3m"},"content":{"rendered":"<p>Un&#8217;extension \u00e8 un aumento della piattaforma di una microrampa, minirampa o halfpipe. Serve per prendere pi\u00f9 slancio e creare un livello di difficolt\u00e0 pi\u00f9 elevato per determinati trick. Con l&#8217;installazione di un&#8217;extension \u00e8 necessario aumentare la ringhiera. Questo prodotto \u00e8 compatibile con K00459.   <\/p>\n","protected":false},"excerpt":{"rendered":"<p>Un&#8217;extension \u00e8 un aumento della piattaforma di una microrampa, minirampa o halfpipe. Serve per prendere pi\u00f9 slancio e creare un livello di difficolt\u00e0 pi\u00f9 elevato per determinati trick. Con l&#8217;installazione&#8230;<\/p>\n","protected":false},"featured_media":43791,"template":"","meta":[],"product_brand":[],"product_cat":[12125],"product_tag":[],"class_list":{"0":"post-49426","1":"product","2":"type-product","3":"status-publish","4":"has-post-thumbnail","6":"product_cat-estensione","8":"first","9":"instock","10":"shipping-taxable","11":"purchasable","12":"product-type-simple"},"_links":{"self":[{"href":"https:\/\/verticaltechnik.ch\/it\/wp-json\/wp\/v2\/product\/49426","targetHints":{"allow":["GET"]}}],"collection":[{"href":"https:\/\/verticaltechnik.ch\/it\/wp-json\/wp\/v2\/product"}],"about":[{"href":"https:\/\/verticaltechnik.ch\/it\/wp-json\/wp\/v2\/types\/product"}],"wp:featuredmedia":[{"embeddable":true,"href":"https:\/\/verticaltechnik.ch\/it\/wp-json\/wp\/v2\/media\/43791"}],"wp:attachment":[{"href":"https:\/\/verticaltechnik.ch\/it\/wp-json\/wp\/v2\/media?parent=49426"}],"wp:term":[{"taxonomy":"product_brand","embeddable":true,"href":"https:\/\/verticaltechnik.ch\/it\/wp-json\/wp\/v2\/product_brand?post=49426"},{"taxonomy":"product_cat","embeddable":true,"href":"https:\/\/verticaltechnik.ch\/it\/wp-json\/wp\/v2\/product_cat?post=49426"},{"taxonomy":"product_tag","embeddable":true,"href":"https:\/\/verticaltechnik.ch\/it\/wp-json\/wp\/v2\/product_tag?post=49426"}],"curies":[{"name":"wp","href":"https:\/\/api.w.org\/{rel}","templated":true}]}}