{"id":49433,"date":"2025-08-28T10:08:38","date_gmt":"2025-08-28T10:08:38","guid":{"rendered":"https:\/\/newvt.verticaltechnik.ch\/product\/prolunga-sinistra-500-3m\/"},"modified":"2025-08-28T10:08:38","modified_gmt":"2025-08-28T10:08:38","slug":"prolunga-sinistra-500-3m","status":"publish","type":"product","link":"https:\/\/verticaltechnik.ch\/it\/prodotto\/prolunga-sinistra-500-3m\/","title":{"rendered":"Prolunga sinistra 500 3m"},"content":{"rendered":"<p>Una prolunga \u00e8 un rialzo della piattaforma di una microrampa, minirampa o halfpipe. Serve a prendere pi\u00f9 slancio e a creare un livello di difficolt\u00e0 maggiore per determinati trick. Con l&#8217;installazione di una prolunga \u00e8 necessario un rialzo della ringhiera. Questo prodotto \u00e8 compatibile con K00346.   <\/p>\n","protected":false},"excerpt":{"rendered":"<p>Una prolunga \u00e8 un rialzo della piattaforma di una microrampa, minirampa o halfpipe. Serve a prendere pi\u00f9 slancio e a creare un livello di difficolt\u00e0 maggiore per determinati trick. Con&#8230;<\/p>\n","protected":false},"featured_media":43799,"template":"","meta":[],"product_brand":[],"product_cat":[12125],"product_tag":[],"class_list":{"0":"post-49433","1":"product","2":"type-product","3":"status-publish","4":"has-post-thumbnail","6":"product_cat-estensione","8":"first","9":"instock","10":"shipping-taxable","11":"purchasable","12":"product-type-simple"},"_links":{"self":[{"href":"https:\/\/verticaltechnik.ch\/it\/wp-json\/wp\/v2\/product\/49433","targetHints":{"allow":["GET"]}}],"collection":[{"href":"https:\/\/verticaltechnik.ch\/it\/wp-json\/wp\/v2\/product"}],"about":[{"href":"https:\/\/verticaltechnik.ch\/it\/wp-json\/wp\/v2\/types\/product"}],"wp:featuredmedia":[{"embeddable":true,"href":"https:\/\/verticaltechnik.ch\/it\/wp-json\/wp\/v2\/media\/43799"}],"wp:attachment":[{"href":"https:\/\/verticaltechnik.ch\/it\/wp-json\/wp\/v2\/media?parent=49433"}],"wp:term":[{"taxonomy":"product_brand","embeddable":true,"href":"https:\/\/verticaltechnik.ch\/it\/wp-json\/wp\/v2\/product_brand?post=49433"},{"taxonomy":"product_cat","embeddable":true,"href":"https:\/\/verticaltechnik.ch\/it\/wp-json\/wp\/v2\/product_cat?post=49433"},{"taxonomy":"product_tag","embeddable":true,"href":"https:\/\/verticaltechnik.ch\/it\/wp-json\/wp\/v2\/product_tag?post=49433"}],"curies":[{"name":"wp","href":"https:\/\/api.w.org\/{rel}","templated":true}]}}