{"id":49436,"date":"2025-08-28T10:08:34","date_gmt":"2025-08-28T10:08:34","guid":{"rendered":"https:\/\/newvt.verticaltechnik.ch\/product\/halfpipe-kingsize-4-4500-15m\/"},"modified":"2025-08-28T10:08:34","modified_gmt":"2025-08-28T10:08:34","slug":"halfpipe-kingsize-4-4500-15m","status":"publish","type":"product","link":"https:\/\/verticaltechnik.ch\/it\/product\/halfpipe-kingsize-4-4500-15m\/","title":{"rendered":"Halfpipe \u201cKingsize 4\u201d 4500 15m"},"content":{"rendered":"<p>Un halfpipe \u00e8 un impianto da skate con una parte piatta tra due curve di 90\u00b0 ciascuna. L&#8217;estremit\u00e0 della curva \u00e8 progettata come una parte verticale che termina sotto il coping. Su ogni lato \u00e8 fissata una piattaforma. Questo modulo viene utilizzato per andare avanti e indietro e per eseguire, tra le altre cose, trick come grind, air, kick-flip o tailslide sul coping. Su un halfpipe si possono eseguire soprattutto air spettacolari, in cui spesso il rider o lo skateboard ruotano in aria. Questo prodotto \u00e8 compatibile con K00340.     <\/p>\n","protected":false},"excerpt":{"rendered":"<p>Un halfpipe \u00e8 un impianto da skate con una parte piatta tra due curve di 90\u00b0 ciascuna. L&#8217;estremit\u00e0 della curva \u00e8 progettata come una parte verticale che termina sotto il&#8230;<\/p>\n","protected":false},"featured_media":43811,"template":"","meta":[],"product_brand":[],"product_cat":[12128],"product_tag":[],"class_list":{"0":"post-49436","1":"product","2":"type-product","3":"status-publish","4":"has-post-thumbnail","6":"product_cat-halfpipe","8":"first","9":"instock","10":"shipping-taxable","11":"purchasable","12":"product-type-simple"},"_links":{"self":[{"href":"https:\/\/verticaltechnik.ch\/it\/wp-json\/wp\/v2\/product\/49436","targetHints":{"allow":["GET"]}}],"collection":[{"href":"https:\/\/verticaltechnik.ch\/it\/wp-json\/wp\/v2\/product"}],"about":[{"href":"https:\/\/verticaltechnik.ch\/it\/wp-json\/wp\/v2\/types\/product"}],"wp:featuredmedia":[{"embeddable":true,"href":"https:\/\/verticaltechnik.ch\/it\/wp-json\/wp\/v2\/media\/43811"}],"wp:attachment":[{"href":"https:\/\/verticaltechnik.ch\/it\/wp-json\/wp\/v2\/media?parent=49436"}],"wp:term":[{"taxonomy":"product_brand","embeddable":true,"href":"https:\/\/verticaltechnik.ch\/it\/wp-json\/wp\/v2\/product_brand?post=49436"},{"taxonomy":"product_cat","embeddable":true,"href":"https:\/\/verticaltechnik.ch\/it\/wp-json\/wp\/v2\/product_cat?post=49436"},{"taxonomy":"product_tag","embeddable":true,"href":"https:\/\/verticaltechnik.ch\/it\/wp-json\/wp\/v2\/product_tag?post=49436"}],"curies":[{"name":"wp","href":"https:\/\/api.w.org\/{rel}","templated":true}]}}