{"id":49448,"date":"2025-08-28T09:53:16","date_gmt":"2025-08-28T09:53:16","guid":{"rendered":"https:\/\/newvt.verticaltechnik.ch\/product\/roof-box-400-132-m\/"},"modified":"2025-08-28T09:53:16","modified_gmt":"2025-08-28T09:53:16","slug":"roof-box-400-132-m","status":"publish","type":"product","link":"https:\/\/verticaltechnik.ch\/it\/prodotto\/roof-box-400-132-m\/","title":{"rendered":"Roof Box 400 1,32 m"},"content":{"rendered":"<p>La Roof Box \u00e8 un modulo centrale con due piani inclinati. A seconda della variante, \u00e8 dotata di un muro e di un rail. Una Roof Box pu\u00f2 essere sorvolata saltando sul primo piano inclinato, eseguendo un trick in aria e atterrando successivamente nel secondo piano inclinato. Pu\u00f2 anche essere utilizzata per saltare dal primo piano inclinato su un muro o un rail ed eseguire un trick su di esso. Successivamente, si atterra a terra, a seconda della lunghezza del muro o del rail. Questo modulo necessita di circa 7 metri di distanza da un elemento di partenza, in modo che gli utenti abbiano abbastanza tempo per prepararsi a un trick. Questo prodotto \u00e8 compatibile con<br \/>\nK00123 Enclosure for Roof Box 400 + K00134 Roof Ledge 200 500 800 4m + K00209 Rail 2\/2 up-down 400 round tube.      <\/p>\n","protected":false},"excerpt":{"rendered":"<p>La Roof Box \u00e8 un modulo centrale con due piani inclinati. A seconda della variante, \u00e8 dotata di un muro e di un rail. Una Roof Box pu\u00f2 essere sorvolata&#8230;<\/p>\n","protected":false},"featured_media":44519,"template":"","meta":[],"product_brand":[],"product_cat":[12130],"product_tag":[],"class_list":{"0":"post-49448","1":"product","2":"type-product","3":"status-publish","4":"has-post-thumbnail","6":"product_cat-modulo-roof-box-400","8":"first","9":"instock","10":"shipping-taxable","11":"purchasable","12":"product-type-simple"},"_links":{"self":[{"href":"https:\/\/verticaltechnik.ch\/it\/wp-json\/wp\/v2\/product\/49448","targetHints":{"allow":["GET"]}}],"collection":[{"href":"https:\/\/verticaltechnik.ch\/it\/wp-json\/wp\/v2\/product"}],"about":[{"href":"https:\/\/verticaltechnik.ch\/it\/wp-json\/wp\/v2\/types\/product"}],"wp:featuredmedia":[{"embeddable":true,"href":"https:\/\/verticaltechnik.ch\/it\/wp-json\/wp\/v2\/media\/44519"}],"wp:attachment":[{"href":"https:\/\/verticaltechnik.ch\/it\/wp-json\/wp\/v2\/media?parent=49448"}],"wp:term":[{"taxonomy":"product_brand","embeddable":true,"href":"https:\/\/verticaltechnik.ch\/it\/wp-json\/wp\/v2\/product_brand?post=49448"},{"taxonomy":"product_cat","embeddable":true,"href":"https:\/\/verticaltechnik.ch\/it\/wp-json\/wp\/v2\/product_cat?post=49448"},{"taxonomy":"product_tag","embeddable":true,"href":"https:\/\/verticaltechnik.ch\/it\/wp-json\/wp\/v2\/product_tag?post=49448"}],"curies":[{"name":"wp","href":"https:\/\/api.w.org\/{rel}","templated":true}]}}