{"id":49452,"date":"2025-08-28T09:53:13","date_gmt":"2025-08-28T09:53:13","guid":{"rendered":"https:\/\/newvt.verticaltechnik.ch\/product\/box-da-tetto-400-132m24m-bordo-barra-r\/"},"modified":"2025-08-28T09:53:13","modified_gmt":"2025-08-28T09:53:13","slug":"box-da-tetto-400-132m24m-bordo-barra-r","status":"publish","type":"product","link":"https:\/\/verticaltechnik.ch\/it\/prodotto\/box-da-tetto-400-132m24m-bordo-barra-r\/","title":{"rendered":"Box da tetto 400 (1,32m+2,4m) + Bordo + Barra R"},"content":{"rendered":"<p>La Roof Box \u00e8 un modulo centrale con due piani inclinati. A seconda della variante, \u00e8 dotata di un muro e di un rail. Una Roof Box pu\u00f2 essere sorvolata saltando dal primo piano inclinato, eseguendo un trick in aria e atterrando successivamente sul secondo piano inclinato. Pu\u00f2 anche essere utilizzata per saltare dal primo piano inclinato su un muro o un rail ed eseguire un trick. Successivamente si atterra a terra, a seconda della lunghezza del muro o del rail. Questo modulo richiede circa 7 metri di distanza da un elemento di rincorsa, in modo che gli utenti abbiano tempo sufficiente per prepararsi a un trick.      <\/p>\n<p>Questo prodotto \u00e8 compatibile con:<\/p>\n<p>K00123 Enclosure per Roof Box 400.<\/p>\n","protected":false},"excerpt":{"rendered":"<p>La Roof Box \u00e8 un modulo centrale con due piani inclinati. A seconda della variante, \u00e8 dotata di un muro e di un rail. Una Roof Box pu\u00f2 essere sorvolata&#8230;<\/p>\n","protected":false},"featured_media":44531,"template":"","meta":[],"product_brand":[],"product_cat":[12133],"product_tag":[],"class_list":{"0":"post-49452","1":"product","2":"type-product","3":"status-publish","4":"has-post-thumbnail","6":"product_cat-box-da-tetto-400","8":"first","9":"instock","10":"shipping-taxable","11":"purchasable","12":"product-type-simple"},"_links":{"self":[{"href":"https:\/\/verticaltechnik.ch\/it\/wp-json\/wp\/v2\/product\/49452","targetHints":{"allow":["GET"]}}],"collection":[{"href":"https:\/\/verticaltechnik.ch\/it\/wp-json\/wp\/v2\/product"}],"about":[{"href":"https:\/\/verticaltechnik.ch\/it\/wp-json\/wp\/v2\/types\/product"}],"wp:featuredmedia":[{"embeddable":true,"href":"https:\/\/verticaltechnik.ch\/it\/wp-json\/wp\/v2\/media\/44531"}],"wp:attachment":[{"href":"https:\/\/verticaltechnik.ch\/it\/wp-json\/wp\/v2\/media?parent=49452"}],"wp:term":[{"taxonomy":"product_brand","embeddable":true,"href":"https:\/\/verticaltechnik.ch\/it\/wp-json\/wp\/v2\/product_brand?post=49452"},{"taxonomy":"product_cat","embeddable":true,"href":"https:\/\/verticaltechnik.ch\/it\/wp-json\/wp\/v2\/product_cat?post=49452"},{"taxonomy":"product_tag","embeddable":true,"href":"https:\/\/verticaltechnik.ch\/it\/wp-json\/wp\/v2\/product_tag?post=49452"}],"curies":[{"name":"wp","href":"https:\/\/api.w.org\/{rel}","templated":true}]}}