{"id":49455,"date":"2025-08-28T09:53:14","date_gmt":"2025-08-28T09:53:14","guid":{"rendered":"https:\/\/newvt.verticaltechnik.ch\/product\/roof-box-400-1-32m2-4m-ledge-rail-f-roof-ledge\/"},"modified":"2025-08-28T09:53:14","modified_gmt":"2025-08-28T09:53:14","slug":"roof-box-400-1-32m2-4m-ledge-rail-f-roof-ledge","status":"publish","type":"product","link":"https:\/\/verticaltechnik.ch\/it\/prodotto\/roof-box-400-1-32m2-4m-ledge-rail-f-roof-ledge\/","title":{"rendered":"Roof Box 400 (1.32m+2.4m) + Ledge + Rail F + Roof Ledge"},"content":{"rendered":"<p>La Roof Box \u00e8 un modulo centrale con due piani inclinati. A seconda della variante, \u00e8 dotata di un muro e di un Rail. Una Roof Box pu\u00f2 essere sorvolata saltando sul primo piano inclinato, facendo un trick in aria e atterrando poi sul secondo piano inclinato. Tuttavia, pu\u00f2 anche essere utilizzata per saltare dal primo piano inclinato su un muro o un Rail ed eseguire un trick su di esso. Dopodich\u00e9, si atterra a terra, a seconda della lunghezza del muro o del Rail. Questo modulo necessita di circa 7 metri di distanza da un elemento di partenza, in modo che gli utenti abbiano abbastanza tempo per prepararsi a un trick.     <\/p>\n","protected":false},"excerpt":{"rendered":"<p>La Roof Box \u00e8 un modulo centrale con due piani inclinati. A seconda della variante, \u00e8 dotata di un muro e di un Rail. Una Roof Box pu\u00f2 essere sorvolata&#8230;<\/p>\n","protected":false},"featured_media":44527,"template":"","meta":[],"product_brand":[],"product_cat":[12133],"product_tag":[],"class_list":{"0":"post-49455","1":"product","2":"type-product","3":"status-publish","4":"has-post-thumbnail","6":"product_cat-box-da-tetto-400","8":"first","9":"instock","10":"shipping-taxable","11":"purchasable","12":"product-type-simple"},"_links":{"self":[{"href":"https:\/\/verticaltechnik.ch\/it\/wp-json\/wp\/v2\/product\/49455","targetHints":{"allow":["GET"]}}],"collection":[{"href":"https:\/\/verticaltechnik.ch\/it\/wp-json\/wp\/v2\/product"}],"about":[{"href":"https:\/\/verticaltechnik.ch\/it\/wp-json\/wp\/v2\/types\/product"}],"wp:featuredmedia":[{"embeddable":true,"href":"https:\/\/verticaltechnik.ch\/it\/wp-json\/wp\/v2\/media\/44527"}],"wp:attachment":[{"href":"https:\/\/verticaltechnik.ch\/it\/wp-json\/wp\/v2\/media?parent=49455"}],"wp:term":[{"taxonomy":"product_brand","embeddable":true,"href":"https:\/\/verticaltechnik.ch\/it\/wp-json\/wp\/v2\/product_brand?post=49455"},{"taxonomy":"product_cat","embeddable":true,"href":"https:\/\/verticaltechnik.ch\/it\/wp-json\/wp\/v2\/product_cat?post=49455"},{"taxonomy":"product_tag","embeddable":true,"href":"https:\/\/verticaltechnik.ch\/it\/wp-json\/wp\/v2\/product_tag?post=49455"}],"curies":[{"name":"wp","href":"https:\/\/api.w.org\/{rel}","templated":true}]}}