{"id":49503,"date":"2025-08-28T09:52:01","date_gmt":"2025-08-28T09:52:01","guid":{"rendered":"https:\/\/newvt.verticaltechnik.ch\/product\/pyramid-big-600x-2-ledge-rail-r-3\/"},"modified":"2025-08-28T09:52:01","modified_gmt":"2025-08-28T09:52:01","slug":"pyramid-big-600x-2-ledge-rail-r-3","status":"publish","type":"product","link":"https:\/\/verticaltechnik.ch\/it\/prodotto\/pyramid-big-600x-2-ledge-rail-r-3\/","title":{"rendered":"Pyramid Big 600x 2 + Ledge + Rail R"},"content":{"rendered":"<p>La Pyramid Big \u00e8 un&#8217;estensione di una Pandora Box Big. \u00c8 chiusa su tre lati e pu\u00f2 essere affrontata da tutte le direzioni. Si pu\u00f2 saltare un angolo ed eseguire trick come i Kick Flips to Fakie, cambiando la direzione di marcia di 90\u00b0. Tuttavia, si pu\u00f2 anche sorvolarla longitudinalmente come una Pandora Box o eseguire trick su muri e rail.    <\/p>\n","protected":false},"excerpt":{"rendered":"<p>La Pyramid Big \u00e8 un&#8217;estensione di una Pandora Box Big. \u00c8 chiusa su tre lati e pu\u00f2 essere affrontata da tutte le direzioni. Si pu\u00f2 saltare un angolo ed eseguire&#8230;<\/p>\n","protected":false},"featured_media":44607,"template":"","meta":[],"product_brand":[],"product_cat":[12137],"product_tag":[],"class_list":{"0":"post-49503","1":"product","2":"type-product","3":"status-publish","4":"has-post-thumbnail","6":"product_cat-piramidi-grandi","8":"first","9":"instock","10":"shipping-taxable","11":"purchasable","12":"product-type-simple"},"_links":{"self":[{"href":"https:\/\/verticaltechnik.ch\/it\/wp-json\/wp\/v2\/product\/49503","targetHints":{"allow":["GET"]}}],"collection":[{"href":"https:\/\/verticaltechnik.ch\/it\/wp-json\/wp\/v2\/product"}],"about":[{"href":"https:\/\/verticaltechnik.ch\/it\/wp-json\/wp\/v2\/types\/product"}],"wp:featuredmedia":[{"embeddable":true,"href":"https:\/\/verticaltechnik.ch\/it\/wp-json\/wp\/v2\/media\/44607"}],"wp:attachment":[{"href":"https:\/\/verticaltechnik.ch\/it\/wp-json\/wp\/v2\/media?parent=49503"}],"wp:term":[{"taxonomy":"product_brand","embeddable":true,"href":"https:\/\/verticaltechnik.ch\/it\/wp-json\/wp\/v2\/product_brand?post=49503"},{"taxonomy":"product_cat","embeddable":true,"href":"https:\/\/verticaltechnik.ch\/it\/wp-json\/wp\/v2\/product_cat?post=49503"},{"taxonomy":"product_tag","embeddable":true,"href":"https:\/\/verticaltechnik.ch\/it\/wp-json\/wp\/v2\/product_tag?post=49503"}],"curies":[{"name":"wp","href":"https:\/\/api.w.org\/{rel}","templated":true}]}}