{"id":49727,"date":"2025-08-28T10:18:55","date_gmt":"2025-08-28T10:18:55","guid":{"rendered":"https:\/\/newvt.verticaltechnik.ch\/product\/supporto-per-segnale-di-avvertimento\/"},"modified":"2025-08-28T10:18:55","modified_gmt":"2025-08-28T10:18:55","slug":"supporto-per-segnale-di-avvertimento","status":"publish","type":"product","link":"https:\/\/verticaltechnik.ch\/it\/prodotto\/supporto-per-segnale-di-avvertimento\/","title":{"rendered":"Supporto per segnale di avvertimento"},"content":{"rendered":"<p>Questo supporto in acciaio zincato pu\u00f2 essere installato ovunque nel terreno asfaltato o erboso. Ci\u00f2 consente di posizionarlo direttamente all&#8217;ingresso, dove sar\u00e0 visibile a tutti gli utenti. Questo prodotto \u00e8 compatibile con K00675, K00676, K00679.  <\/p>\n","protected":false},"excerpt":{"rendered":"<p>Questo supporto in acciaio zincato pu\u00f2 essere installato ovunque nel terreno asfaltato o erboso. Ci\u00f2 consente di posizionarlo direttamente all&#8217;ingresso, dove sar\u00e0 visibile a tutti gli utenti. Questo prodotto \u00e8&#8230;<\/p>\n","protected":false},"featured_media":43311,"template":"","meta":[],"product_brand":[],"product_cat":[11955],"product_tag":[],"class_list":{"0":"post-49727","1":"product","2":"type-product","3":"status-publish","4":"has-post-thumbnail","6":"product_cat-segnaletica","8":"first","9":"instock","10":"shipping-taxable","11":"purchasable","12":"product-type-simple"},"_links":{"self":[{"href":"https:\/\/verticaltechnik.ch\/it\/wp-json\/wp\/v2\/product\/49727","targetHints":{"allow":["GET"]}}],"collection":[{"href":"https:\/\/verticaltechnik.ch\/it\/wp-json\/wp\/v2\/product"}],"about":[{"href":"https:\/\/verticaltechnik.ch\/it\/wp-json\/wp\/v2\/types\/product"}],"wp:featuredmedia":[{"embeddable":true,"href":"https:\/\/verticaltechnik.ch\/it\/wp-json\/wp\/v2\/media\/43311"}],"wp:attachment":[{"href":"https:\/\/verticaltechnik.ch\/it\/wp-json\/wp\/v2\/media?parent=49727"}],"wp:term":[{"taxonomy":"product_brand","embeddable":true,"href":"https:\/\/verticaltechnik.ch\/it\/wp-json\/wp\/v2\/product_brand?post=49727"},{"taxonomy":"product_cat","embeddable":true,"href":"https:\/\/verticaltechnik.ch\/it\/wp-json\/wp\/v2\/product_cat?post=49727"},{"taxonomy":"product_tag","embeddable":true,"href":"https:\/\/verticaltechnik.ch\/it\/wp-json\/wp\/v2\/product_tag?post=49727"}],"curies":[{"name":"wp","href":"https:\/\/api.w.org\/{rel}","templated":true}]}}