{"id":49728,"date":"2025-08-28T10:18:00","date_gmt":"2025-08-28T10:18:00","guid":{"rendered":"https:\/\/newvt.verticaltechnik.ch\/product\/flangia-con-manicotto-di-terra\/"},"modified":"2025-08-28T10:18:00","modified_gmt":"2025-08-28T10:18:00","slug":"flangia-con-manicotto-di-terra","status":"publish","type":"product","link":"https:\/\/verticaltechnik.ch\/it\/prodotto\/flangia-con-manicotto-di-terra\/","title":{"rendered":"Flangia con manicotto di terra"},"content":{"rendered":"<p>Questo manicotto di terra con flangia in acciaio zincato pu\u00f2 essere cementato in qualsiasi punto del terreno bituminoso o erboso. In questo modo, pu\u00f2 essere posizionato direttamente nell&#8217;area d&#8217;ingresso, dove sar\u00e0 visibile a tutti gli utenti. Questo prodotto \u00e8 compatibile con K00700, K00701.   <\/p>\n","protected":false},"excerpt":{"rendered":"<p>Questo manicotto di terra con flangia in acciaio zincato pu\u00f2 essere cementato in qualsiasi punto del terreno bituminoso o erboso. In questo modo, pu\u00f2 essere posizionato direttamente nell&#8217;area d&#8217;ingresso, dove&#8230;<\/p>\n","protected":false},"featured_media":43327,"template":"","meta":[],"product_brand":[],"product_cat":[11955],"product_tag":[],"class_list":{"0":"post-49728","1":"product","2":"type-product","3":"status-publish","4":"has-post-thumbnail","6":"product_cat-segnaletica","8":"first","9":"instock","10":"shipping-taxable","11":"purchasable","12":"product-type-simple"},"_links":{"self":[{"href":"https:\/\/verticaltechnik.ch\/it\/wp-json\/wp\/v2\/product\/49728","targetHints":{"allow":["GET"]}}],"collection":[{"href":"https:\/\/verticaltechnik.ch\/it\/wp-json\/wp\/v2\/product"}],"about":[{"href":"https:\/\/verticaltechnik.ch\/it\/wp-json\/wp\/v2\/types\/product"}],"wp:featuredmedia":[{"embeddable":true,"href":"https:\/\/verticaltechnik.ch\/it\/wp-json\/wp\/v2\/media\/43327"}],"wp:attachment":[{"href":"https:\/\/verticaltechnik.ch\/it\/wp-json\/wp\/v2\/media?parent=49728"}],"wp:term":[{"taxonomy":"product_brand","embeddable":true,"href":"https:\/\/verticaltechnik.ch\/it\/wp-json\/wp\/v2\/product_brand?post=49728"},{"taxonomy":"product_cat","embeddable":true,"href":"https:\/\/verticaltechnik.ch\/it\/wp-json\/wp\/v2\/product_cat?post=49728"},{"taxonomy":"product_tag","embeddable":true,"href":"https:\/\/verticaltechnik.ch\/it\/wp-json\/wp\/v2\/product_tag?post=49728"}],"curies":[{"name":"wp","href":"https:\/\/api.w.org\/{rel}","templated":true}]}}