{"id":50117,"date":"2025-08-28T10:27:31","date_gmt":"2025-08-28T10:27:31","guid":{"rendered":"https:\/\/newvt.verticaltechnik.ch\/product\/granite-parking-block-z1\/"},"modified":"2026-03-17T14:01:43","modified_gmt":"2026-03-17T14:01:43","slug":"granite-parking-block-z1","status":"publish","type":"product","link":"https:\/\/verticaltechnik.ch\/it\/prodotto\/granite-parking-block-z1\/","title":{"rendered":"Granite Parking Block Z1"},"content":{"rendered":"<p>Sul Granite Parking Curb \u00e8 possibile eseguire diversi trick di slide o grind. L&#8217;uso del Granite Parking Curb \u00e8 individuale e pu\u00f2 essere combinato con altri moduli.  <\/p>\n","protected":false},"excerpt":{"rendered":"<p>Sul Granite Parking Curb \u00e8 possibile eseguire diversi trick di slide o grind. L&#8217;uso del Granite Parking Curb \u00e8 individuale e pu\u00f2 essere combinato con altri moduli.<\/p>\n","protected":false},"featured_media":42891,"template":"","meta":[],"product_brand":[],"product_cat":[12334,11892],"product_tag":[],"class_list":{"0":"post-50117","1":"product","2":"type-product","3":"status-publish","4":"has-post-thumbnail","6":"product_cat-arredo-urbano","7":"product_cat-cordoli","9":"first","10":"instock","11":"shipping-taxable","12":"purchasable","13":"product-type-simple"},"_links":{"self":[{"href":"https:\/\/verticaltechnik.ch\/it\/wp-json\/wp\/v2\/product\/50117","targetHints":{"allow":["GET"]}}],"collection":[{"href":"https:\/\/verticaltechnik.ch\/it\/wp-json\/wp\/v2\/product"}],"about":[{"href":"https:\/\/verticaltechnik.ch\/it\/wp-json\/wp\/v2\/types\/product"}],"wp:featuredmedia":[{"embeddable":true,"href":"https:\/\/verticaltechnik.ch\/it\/wp-json\/wp\/v2\/media\/42891"}],"wp:attachment":[{"href":"https:\/\/verticaltechnik.ch\/it\/wp-json\/wp\/v2\/media?parent=50117"}],"wp:term":[{"taxonomy":"product_brand","embeddable":true,"href":"https:\/\/verticaltechnik.ch\/it\/wp-json\/wp\/v2\/product_brand?post=50117"},{"taxonomy":"product_cat","embeddable":true,"href":"https:\/\/verticaltechnik.ch\/it\/wp-json\/wp\/v2\/product_cat?post=50117"},{"taxonomy":"product_tag","embeddable":true,"href":"https:\/\/verticaltechnik.ch\/it\/wp-json\/wp\/v2\/product_tag?post=50117"}],"curies":[{"name":"wp","href":"https:\/\/api.w.org\/{rel}","templated":true}]}}