{"id":50263,"date":"2025-08-28T10:40:43","date_gmt":"2025-08-28T10:40:43","guid":{"rendered":"https:\/\/newvt.verticaltechnik.ch\/product\/pannello-informativo-con-supporto-70x100-cm\/"},"modified":"2025-08-28T10:40:43","modified_gmt":"2025-08-28T10:40:43","slug":"pannello-informativo-con-supporto-70x100-cm","status":"publish","type":"product","link":"https:\/\/verticaltechnik.ch\/it\/prodotto\/pannello-informativo-con-supporto-70x100-cm\/","title":{"rendered":"Pannello informativo con supporto 70&#215;100 cm"},"content":{"rendered":"<p>Questo pannello informativo con supporto in acciaio zincato pu\u00f2 essere installato in qualsiasi punto del terreno asfaltato o erboso. Ci\u00f2 consente di posizionarlo direttamente nell&#8217;area d&#8217;ingresso, dove sar\u00e0 visibile a tutti gli utenti. Questo prodotto \u00e8 una combinazione degli articoli K00699 e K00701.  <\/p>\n","protected":false},"excerpt":{"rendered":"<p>Questo pannello informativo con supporto in acciaio zincato pu\u00f2 essere installato in qualsiasi punto del terreno asfaltato o erboso. Ci\u00f2 consente di posizionarlo direttamente nell&#8217;area d&#8217;ingresso, dove sar\u00e0 visibile a&#8230;<\/p>\n","protected":false},"featured_media":42715,"template":"","meta":[],"product_brand":[],"product_cat":[11955],"product_tag":[],"class_list":{"0":"post-50263","1":"product","2":"type-product","3":"status-publish","4":"has-post-thumbnail","6":"product_cat-segnaletica","8":"first","9":"instock","10":"shipping-taxable","11":"purchasable","12":"product-type-simple"},"_links":{"self":[{"href":"https:\/\/verticaltechnik.ch\/it\/wp-json\/wp\/v2\/product\/50263","targetHints":{"allow":["GET"]}}],"collection":[{"href":"https:\/\/verticaltechnik.ch\/it\/wp-json\/wp\/v2\/product"}],"about":[{"href":"https:\/\/verticaltechnik.ch\/it\/wp-json\/wp\/v2\/types\/product"}],"wp:featuredmedia":[{"embeddable":true,"href":"https:\/\/verticaltechnik.ch\/it\/wp-json\/wp\/v2\/media\/42715"}],"wp:attachment":[{"href":"https:\/\/verticaltechnik.ch\/it\/wp-json\/wp\/v2\/media?parent=50263"}],"wp:term":[{"taxonomy":"product_brand","embeddable":true,"href":"https:\/\/verticaltechnik.ch\/it\/wp-json\/wp\/v2\/product_brand?post=50263"},{"taxonomy":"product_cat","embeddable":true,"href":"https:\/\/verticaltechnik.ch\/it\/wp-json\/wp\/v2\/product_cat?post=50263"},{"taxonomy":"product_tag","embeddable":true,"href":"https:\/\/verticaltechnik.ch\/it\/wp-json\/wp\/v2\/product_tag?post=50263"}],"curies":[{"name":"wp","href":"https:\/\/api.w.org\/{rel}","templated":true}]}}