{"id":50264,"date":"2025-08-28T10:40:51","date_gmt":"2025-08-28T10:40:51","guid":{"rendered":"https:\/\/newvt.verticaltechnik.ch\/product\/warped-wall\/"},"modified":"2025-08-28T10:40:51","modified_gmt":"2025-08-28T10:40:51","slug":"warped-wall","status":"publish","type":"product","link":"https:\/\/verticaltechnik.ch\/it\/prodotto\/warped-wall\/","title":{"rendered":"Warped Wall"},"content":{"rendered":"<p>La Warped Wall \u00e8 un alto ostacolo a muro, ripido e curvo, con una breve rincorsa su cui il partecipante deve raggiungere la cima e salire. La piattaforma \u00e8 dotata di una ringhiera di sicurezza su tre lati. Per la discesa \u00e8 prevista una scala sul retro. Questo modulo pu\u00f2 essere reso accessibile al pubblico. In questo caso, deve essere sorvegliato da personale fornito dal cliente durante l&#8217;intero periodo di accessibilit\u00e0 al pubblico.    <\/p>\n","protected":false},"excerpt":{"rendered":"<p>La Warped Wall \u00e8 un alto ostacolo a muro, ripido e curvo, con una breve rincorsa su cui il partecipante deve raggiungere la cima e salire. La piattaforma \u00e8 dotata&#8230;<\/p>\n","protected":false},"featured_media":42707,"template":"","meta":[],"product_brand":[],"product_cat":[12226],"product_tag":[],"class_list":{"0":"post-50264","1":"product","2":"type-product","3":"status-publish","4":"has-post-thumbnail","6":"product_cat-strutture-ninja","8":"first","9":"instock","10":"shipping-taxable","11":"purchasable","12":"product-type-simple"},"_links":{"self":[{"href":"https:\/\/verticaltechnik.ch\/it\/wp-json\/wp\/v2\/product\/50264","targetHints":{"allow":["GET"]}}],"collection":[{"href":"https:\/\/verticaltechnik.ch\/it\/wp-json\/wp\/v2\/product"}],"about":[{"href":"https:\/\/verticaltechnik.ch\/it\/wp-json\/wp\/v2\/types\/product"}],"wp:featuredmedia":[{"embeddable":true,"href":"https:\/\/verticaltechnik.ch\/it\/wp-json\/wp\/v2\/media\/42707"}],"wp:attachment":[{"href":"https:\/\/verticaltechnik.ch\/it\/wp-json\/wp\/v2\/media?parent=50264"}],"wp:term":[{"taxonomy":"product_brand","embeddable":true,"href":"https:\/\/verticaltechnik.ch\/it\/wp-json\/wp\/v2\/product_brand?post=50264"},{"taxonomy":"product_cat","embeddable":true,"href":"https:\/\/verticaltechnik.ch\/it\/wp-json\/wp\/v2\/product_cat?post=50264"},{"taxonomy":"product_tag","embeddable":true,"href":"https:\/\/verticaltechnik.ch\/it\/wp-json\/wp\/v2\/product_tag?post=50264"}],"curies":[{"name":"wp","href":"https:\/\/api.w.org\/{rel}","templated":true}]}}