{"id":50267,"date":"2025-08-28T10:40:50","date_gmt":"2025-08-28T10:40:50","guid":{"rendered":"https:\/\/newvt.verticaltechnik.ch\/product\/pannello-informativo-50x80-con-supporto\/"},"modified":"2025-08-28T10:40:50","modified_gmt":"2025-08-28T10:40:50","slug":"pannello-informativo-50x80-con-supporto","status":"publish","type":"product","link":"https:\/\/verticaltechnik.ch\/it\/prodotto\/pannello-informativo-50x80-con-supporto\/","title":{"rendered":"Pannello informativo 50&#215;80 con supporto"},"content":{"rendered":"<p>Questo pannello informativo con supporto in acciaio zincato pu\u00f2 essere installato su una fondazione in qualsiasi punto, sia su asfalto che su terreno erboso. Ci\u00f2 permette di posizionarlo direttamente nell&#8217;area d&#8217;ingresso, dove sar\u00e0 visibile a ogni utente. Questo prodotto \u00e8 una combinazione dei prodotti K00698 (Pannello informativo 50&#215;80) e K00700 (Supporto per pannello informativo 50&#215;80).  <\/p>\n","protected":false},"excerpt":{"rendered":"<p>Questo pannello informativo con supporto in acciaio zincato pu\u00f2 essere installato su una fondazione in qualsiasi punto, sia su asfalto che su terreno erboso. Ci\u00f2 permette di posizionarlo direttamente nell&#8217;area&#8230;<\/p>\n","protected":false},"featured_media":42711,"template":"","meta":[],"product_brand":[],"product_cat":[11955],"product_tag":[],"class_list":{"0":"post-50267","1":"product","2":"type-product","3":"status-publish","4":"has-post-thumbnail","6":"product_cat-segnaletica","8":"first","9":"instock","10":"shipping-taxable","11":"purchasable","12":"product-type-simple"},"_links":{"self":[{"href":"https:\/\/verticaltechnik.ch\/it\/wp-json\/wp\/v2\/product\/50267","targetHints":{"allow":["GET"]}}],"collection":[{"href":"https:\/\/verticaltechnik.ch\/it\/wp-json\/wp\/v2\/product"}],"about":[{"href":"https:\/\/verticaltechnik.ch\/it\/wp-json\/wp\/v2\/types\/product"}],"wp:featuredmedia":[{"embeddable":true,"href":"https:\/\/verticaltechnik.ch\/it\/wp-json\/wp\/v2\/media\/42711"}],"wp:attachment":[{"href":"https:\/\/verticaltechnik.ch\/it\/wp-json\/wp\/v2\/media?parent=50267"}],"wp:term":[{"taxonomy":"product_brand","embeddable":true,"href":"https:\/\/verticaltechnik.ch\/it\/wp-json\/wp\/v2\/product_brand?post=50267"},{"taxonomy":"product_cat","embeddable":true,"href":"https:\/\/verticaltechnik.ch\/it\/wp-json\/wp\/v2\/product_cat?post=50267"},{"taxonomy":"product_tag","embeddable":true,"href":"https:\/\/verticaltechnik.ch\/it\/wp-json\/wp\/v2\/product_tag?post=50267"}],"curies":[{"name":"wp","href":"https:\/\/api.w.org\/{rel}","templated":true}]}}