{"id":50294,"date":"2025-08-28T10:39:49","date_gmt":"2025-08-28T10:39:49","guid":{"rendered":"https:\/\/newvt.verticaltechnik.ch\/product\/street-workout-station-occasione\/"},"modified":"2026-02-17T09:30:16","modified_gmt":"2026-02-17T09:30:16","slug":"street-workout-station-occasione","status":"publish","type":"product","link":"https:\/\/verticaltechnik.ch\/it\/prodotto\/street-workout-station-occasione\/","title":{"rendered":"Street Workout Station occasione"},"content":{"rendered":"<p>Questa struttura per lo street workout offre possibilit\u00e0 di allenamento per ninja, street workout e fitness. Gli appassionati di ninja apprezzano il \u00abRing-Toss\u00bb (avanzamento su barra inclinata con sfere), i fan dello street workout utilizzano la maggior parte dei componenti e chi ama il fitness user\u00e0 la panca per allenare addominali e dorsali. Le classiche barre per i dip sono utili a tutti. Infine, il vero pezzo forte \u00e8 la scala del cielo (Himmelsleiter), dove ci si arrampica verso l&#8217;alto agganciando una barra. Conclusione: questa struttura \u00e8 ricca di possibilit\u00e0 in uno spazio ridotto.<br \/>\n\u00c8 stata sviluppata con Chris Harmat, l&#8217;attuale vincitore della Coppa del Mondo generale di parkour. Attualmente occupa il primo posto nel ranking mondiale della Federazione Internazionale di Ginnastica nella categoria Speed.<br \/>\nQuesta struttura \u00e8 stata utilizzata per una fiera e successivamente come installazione temporanea presso la palestra ninja &#8220;Overground Basel&#8221;. Di conseguenza, non \u00e8 mai stata all&#8217;aperto ed \u00e8 in buone condizioni.<br \/>\nPoich\u00e9 questa struttura mobile non \u00e8 mai stata avvitata a delle fondamenta, \u00e8 stata dotata di due supporti diagonali (vedi immagine), che per\u00f2 non sono necessari per un&#8217;installazione fissa e non sono inclusi nella fornitura.<br \/>\nQuesta struttura \u00e8 progettata per il montaggio su fondamenta in cemento con pavimentazione antitrauma in gomma EPDM.<br \/>\nIn caso di montaggio con protezione anticaduta in sabbia, ghiaia o trucioli di legno, i pali devono essere allungati. I pali sono zincati e verniciati a polvere in giallo. L&#8217;estensione dei pali sar\u00e0 visibile poich\u00e9 le piastre di base vengono spostate e i pali allungati. Per farlo sono necessari lavori di saldatura, di cui ci occupiamo noi al momento dell&#8217;ordine. I punti di saldatura vengono zincati a caldo e poi riverniciati in giallo, il che non comporta alcuna riduzione della stabilit\u00e0. Esteticamente, i lavori di adattamento saranno visibili solo se la protezione anticaduta dovesse abbassarsi notevolmente. Ripariamo i normali segni d&#8217;usura e i graffi nel miglior modo possibile.<br \/>\nPrezzo da nuovo: 18.500 CHF             <\/p>\n","protected":false},"excerpt":{"rendered":"<p>Questa struttura per lo street workout offre possibilit\u00e0 di allenamento per ninja, street workout e fitness. Gli appassionati di ninja apprezzano il \u00abRing-Toss\u00bb (avanzamento su barra inclinata con sfere), i&#8230;<\/p>\n","protected":false},"featured_media":57689,"template":"","meta":[],"product_brand":[],"product_cat":[12032],"product_tag":[],"class_list":{"0":"post-50294","1":"product","2":"type-product","3":"status-publish","4":"has-post-thumbnail","6":"product_cat-occasioni","8":"first","9":"instock","10":"shipping-taxable","11":"purchasable","12":"product-type-simple"},"_links":{"self":[{"href":"https:\/\/verticaltechnik.ch\/it\/wp-json\/wp\/v2\/product\/50294","targetHints":{"allow":["GET"]}}],"collection":[{"href":"https:\/\/verticaltechnik.ch\/it\/wp-json\/wp\/v2\/product"}],"about":[{"href":"https:\/\/verticaltechnik.ch\/it\/wp-json\/wp\/v2\/types\/product"}],"wp:featuredmedia":[{"embeddable":true,"href":"https:\/\/verticaltechnik.ch\/it\/wp-json\/wp\/v2\/media\/57689"}],"wp:attachment":[{"href":"https:\/\/verticaltechnik.ch\/it\/wp-json\/wp\/v2\/media?parent=50294"}],"wp:term":[{"taxonomy":"product_brand","embeddable":true,"href":"https:\/\/verticaltechnik.ch\/it\/wp-json\/wp\/v2\/product_brand?post=50294"},{"taxonomy":"product_cat","embeddable":true,"href":"https:\/\/verticaltechnik.ch\/it\/wp-json\/wp\/v2\/product_cat?post=50294"},{"taxonomy":"product_tag","embeddable":true,"href":"https:\/\/verticaltechnik.ch\/it\/wp-json\/wp\/v2\/product_tag?post=50294"}],"curies":[{"name":"wp","href":"https:\/\/api.w.org\/{rel}","templated":true}]}}