{"id":50384,"date":"2025-08-28T10:51:57","date_gmt":"2025-08-28T10:51:57","guid":{"rendered":"https:\/\/newvt.verticaltechnik.ch\/product\/tavolo-da-wheelie-rotondo-in-granito-200-400-3000\/"},"modified":"2026-02-04T14:56:57","modified_gmt":"2026-02-04T14:56:57","slug":"tavolo-da-wheelie-rotondo-in-granito-200-400-3000","status":"publish","type":"product","link":"https:\/\/verticaltechnik.ch\/it\/prodotto\/tavolo-da-wheelie-rotondo-in-granito-200-400-3000\/","title":{"rendered":"Tavolo da wheelie rotondo in granito 200 400 3000"},"content":{"rendered":"<p>Questo modulo \u00e8 composto da un box a due altezze diverse, sul quale si pu\u00f2 saltare con un ollie. Sulla superficie si eseguono trick come i wheelie (tenersi in equilibrio su due ruote). Da un wheelie si possono ricavare innumerevoli variazioni, che si aggiungono durante la discesa, come ad esempio un flip a 360\u00b0 (rotazione dello skateboard di 360\u00b0 sull&#8217;asse longitudinale) per poi atterrare di nuovo. Questo modulo offre molte possibilit\u00e0 per essere creativi. \u00c8 un modulo base molto popolare in uno skatepark. Se c&#8217;\u00e8 abbastanza spazio, dovrebbero essere disponibili diverse altezze per offrire diversi livelli di difficolt\u00e0.     <\/p>\n","protected":false},"excerpt":{"rendered":"<p>Questo modulo \u00e8 composto da un box a due altezze diverse, sul quale si pu\u00f2 saltare con un ollie. Sulla superficie si eseguono trick come i wheelie (tenersi in equilibrio&#8230;<\/p>\n","protected":false},"featured_media":42287,"template":"","meta":[],"product_brand":[],"product_cat":[11901,11921],"product_tag":[],"class_list":{"0":"post-50384","1":"product","2":"type-product","3":"status-publish","4":"has-post-thumbnail","6":"product_cat-tabelle","7":"product_cat-tavolo-wheelie","9":"first","10":"instock","11":"shipping-taxable","12":"purchasable","13":"product-type-simple"},"_links":{"self":[{"href":"https:\/\/verticaltechnik.ch\/it\/wp-json\/wp\/v2\/product\/50384","targetHints":{"allow":["GET"]}}],"collection":[{"href":"https:\/\/verticaltechnik.ch\/it\/wp-json\/wp\/v2\/product"}],"about":[{"href":"https:\/\/verticaltechnik.ch\/it\/wp-json\/wp\/v2\/types\/product"}],"wp:featuredmedia":[{"embeddable":true,"href":"https:\/\/verticaltechnik.ch\/it\/wp-json\/wp\/v2\/media\/42287"}],"wp:attachment":[{"href":"https:\/\/verticaltechnik.ch\/it\/wp-json\/wp\/v2\/media?parent=50384"}],"wp:term":[{"taxonomy":"product_brand","embeddable":true,"href":"https:\/\/verticaltechnik.ch\/it\/wp-json\/wp\/v2\/product_brand?post=50384"},{"taxonomy":"product_cat","embeddable":true,"href":"https:\/\/verticaltechnik.ch\/it\/wp-json\/wp\/v2\/product_cat?post=50384"},{"taxonomy":"product_tag","embeddable":true,"href":"https:\/\/verticaltechnik.ch\/it\/wp-json\/wp\/v2\/product_tag?post=50384"}],"curies":[{"name":"wp","href":"https:\/\/api.w.org\/{rel}","templated":true}]}}