{"id":50436,"date":"2025-08-28T10:49:44","date_gmt":"2025-08-28T10:49:44","guid":{"rendered":"https:\/\/newvt.verticaltechnik.ch\/product\/pannello-informativo-a1-regole\/"},"modified":"2025-08-28T10:49:44","modified_gmt":"2025-08-28T10:49:44","slug":"pannello-informativo-a1-regole","status":"publish","type":"product","link":"https:\/\/verticaltechnik.ch\/it\/prodotto\/pannello-informativo-a1-regole\/","title":{"rendered":"Pannello informativo A1 Regole"},"content":{"rendered":"<p>Per gestire un impianto ricreativo in conformit\u00e0 con le normative, \u00e8 necessaria una tabella informativa. Su di essa sono riportate le rispettive norme EN, i numeri di emergenza, le regole di comportamento, gli orari di apertura e i contatti, nonch\u00e9 le raccomandazioni secondo BfU. In questo modo, gli utenti e gli spettatori sono informati sui rischi e sulle regole. Per i responsabili di un impianto ricreativo (associazioni, comuni, aziende, ecc.), questa misura \u00e8 un passo importante per prevenire i problemi prima che si verifichino. La tabella informativa \u00e8 ben visibile all&#8217;ingresso dell&#8217;impianto ricreativo.<br \/>\nLa tabella informativa viene personalizzata da noi e riporta le seguenti informazioni:<\/p>\n<p>- Orari di apertura<br \/>\n- Regole di utilizzo<br \/>\n- Numeri di emergenza<br \/>\n- Avvertenze di pericolo<br \/>\n- Contatto gestore con logo<br \/>\n- Contatto produttore con logo<br \/>\n- Norma EN<br \/>\n- Ulteriori grafiche su richiesta<\/p>\n<p>Superficie scrivibile 670 x 425 mm. <\/p>\n<p>Questo pannello informativo in formato A1 \u00e8 adatto al supporto in acciaio al cromo INOX con il numero di articolo K01559. Il supporto pu\u00f2 contenere due pannelli informativi in formato A1. Il secondo pannello pu\u00f2 essere utilizzato per informazioni aggiuntive, ad esempio per elencare esercizi con codici QR negli impianti di Street Workout.  <\/p>\n","protected":false},"excerpt":{"rendered":"<p>Per gestire un impianto ricreativo in conformit\u00e0 con le normative, \u00e8 necessaria una tabella informativa. Su di essa sono riportate le rispettive norme EN, i numeri di emergenza, le regole&#8230;<\/p>\n","protected":false},"featured_media":42359,"template":"","meta":[],"product_brand":[],"product_cat":[11955],"product_tag":[],"class_list":{"0":"post-50436","1":"product","2":"type-product","3":"status-publish","4":"has-post-thumbnail","6":"product_cat-segnaletica","8":"first","9":"instock","10":"shipping-taxable","11":"purchasable","12":"product-type-simple"},"_links":{"self":[{"href":"https:\/\/verticaltechnik.ch\/it\/wp-json\/wp\/v2\/product\/50436","targetHints":{"allow":["GET"]}}],"collection":[{"href":"https:\/\/verticaltechnik.ch\/it\/wp-json\/wp\/v2\/product"}],"about":[{"href":"https:\/\/verticaltechnik.ch\/it\/wp-json\/wp\/v2\/types\/product"}],"wp:featuredmedia":[{"embeddable":true,"href":"https:\/\/verticaltechnik.ch\/it\/wp-json\/wp\/v2\/media\/42359"}],"wp:attachment":[{"href":"https:\/\/verticaltechnik.ch\/it\/wp-json\/wp\/v2\/media?parent=50436"}],"wp:term":[{"taxonomy":"product_brand","embeddable":true,"href":"https:\/\/verticaltechnik.ch\/it\/wp-json\/wp\/v2\/product_brand?post=50436"},{"taxonomy":"product_cat","embeddable":true,"href":"https:\/\/verticaltechnik.ch\/it\/wp-json\/wp\/v2\/product_cat?post=50436"},{"taxonomy":"product_tag","embeddable":true,"href":"https:\/\/verticaltechnik.ch\/it\/wp-json\/wp\/v2\/product_tag?post=50436"}],"curies":[{"name":"wp","href":"https:\/\/api.w.org\/{rel}","templated":true}]}}