{"id":50492,"date":"2025-08-28T10:47:29","date_gmt":"2025-08-28T10:47:29","guid":{"rendered":"https:\/\/newvt.verticaltechnik.ch\/product\/street-workout-set-avenir-power\/"},"modified":"2026-04-13T09:28:07","modified_gmt":"2026-04-13T09:28:07","slug":"street-workout-set-avenir-power","status":"publish","type":"product","link":"https:\/\/verticaltechnik.ch\/it\/prodotto\/street-workout-set-avenir-power\/","title":{"rendered":"Street Workout Set Avenir Power"},"content":{"rendered":"<p>Set composto da un&#8217;area Street Workout con doppio pannello informativo in acciaio cromato conforme alla norma EN 16630. L&#8217;area Street Workout \u00e8 progettata per pavimentazione antitrauma in EPDM. Il pannello informativo misura 1,72 m x 1,19 m, \u00e8 composto da due sezioni ed \u00e8 personalizzato graficamente secondo le richieste del cliente. Nella sezione superiore sono riportate le regole d&#8217;uso e i dati di contatto conformi alla norma. Nella sezione inferiore l&#8217;area \u00e8 rappresentata in 3D con esercizi e codici QR che rimandano a video tutorial accessibili tramite smartphone. Le regole d&#8217;uso, gli orari di utilizzo, i numeri di emergenza, i loghi, i contatti del gestore e del produttore sono riportati secondo norma. Sui pali sono presenti cartelli aggiuntivi con esercizi.      <\/p>\n<p>Descrizione tecnica:<br \/>\nPali realizzati con tubi in acciaio a sezione quadrata 120 x 120 x 5 mm zincati e verniciati a polvere in una tonalit\u00e0 RAL a scelta del cliente, con flangia per il fissaggio alle fondamenta, tubi trasversali zincati con piastre flangiate, avvitamenti mediante viti a brugola M10 in acciaio al cromo antivandalo, senza dadi sporgenti, incl. Scheda tecnica per scavi, fondazioni e pavimentazione antitrauma in EPDM. <\/p>\n<p>I lavori di sterro, le fondamenta e la protezione anticaduta sono elencati nelle nostre offerte come opzione a scopo di orientamento dei costi. Questi servizi non sono forniti da noi direttamente, ma da imprese edili locali o aziende specializzate in protezione anticaduta. Tuttavia, previo accordo, siamo disponibili a eseguire questi servizi nell&#8217;ambito di un contratto generale o, se il cliente affida i servizi direttamente a terzi, a redigere i piani esecutivi e ad assumere la direzione dei lavori.  <\/p>\n<p>Contenuto della confezione:<br \/>\n- Street Workout Anlage Avenir Power<br \/>\n- 3x U-Bars 1200<br \/>\n- Pannello informativo doppio completo in ACCIAIO CROMATO (Articolo n. K02030)<\/p>\n","protected":false},"excerpt":{"rendered":"<p>Set composto da un&#8217;area Street Workout con doppio pannello informativo in acciaio cromato conforme alla norma EN 16630. L&#8217;area Street Workout \u00e8 progettata per pavimentazione antitrauma in EPDM. Il pannello&#8230;<\/p>\n","protected":false},"featured_media":42459,"template":"","meta":[],"product_brand":[],"product_cat":[12256,11961,11822],"product_tag":[],"class_list":{"0":"post-50492","1":"product","2":"type-product","3":"status-publish","4":"has-post-thumbnail","6":"product_cat-versione-power","7":"product_cat-set-impianti-completi","8":"product_cat-street-workout-it","10":"first","11":"instock","12":"shipping-taxable","13":"purchasable","14":"product-type-simple"},"_links":{"self":[{"href":"https:\/\/verticaltechnik.ch\/it\/wp-json\/wp\/v2\/product\/50492","targetHints":{"allow":["GET"]}}],"collection":[{"href":"https:\/\/verticaltechnik.ch\/it\/wp-json\/wp\/v2\/product"}],"about":[{"href":"https:\/\/verticaltechnik.ch\/it\/wp-json\/wp\/v2\/types\/product"}],"wp:featuredmedia":[{"embeddable":true,"href":"https:\/\/verticaltechnik.ch\/it\/wp-json\/wp\/v2\/media\/42459"}],"wp:attachment":[{"href":"https:\/\/verticaltechnik.ch\/it\/wp-json\/wp\/v2\/media?parent=50492"}],"wp:term":[{"taxonomy":"product_brand","embeddable":true,"href":"https:\/\/verticaltechnik.ch\/it\/wp-json\/wp\/v2\/product_brand?post=50492"},{"taxonomy":"product_cat","embeddable":true,"href":"https:\/\/verticaltechnik.ch\/it\/wp-json\/wp\/v2\/product_cat?post=50492"},{"taxonomy":"product_tag","embeddable":true,"href":"https:\/\/verticaltechnik.ch\/it\/wp-json\/wp\/v2\/product_tag?post=50492"}],"curies":[{"name":"wp","href":"https:\/\/api.w.org\/{rel}","templated":true}]}}